{"id":12708,"date":"2023-11-04T00:43:12","date_gmt":"2023-11-03T23:43:12","guid":{"rendered":"http:\/\/innocentiemangonipiante.it\/elaeagnus-x-ebbingei-compacta\/"},"modified":"2023-11-06T14:36:08","modified_gmt":"2023-11-06T13:36:08","slug":"elaeagnus-x-ebbingei-compacta","status":"publish","type":"product","link":"https:\/\/innocentiemangonipiante.it\/fr\/elaeagnus-x-ebbingei-compacta\/","title":{"rendered":"ELAEAGNUS x ebbingei &lsquo;Compacta&rsquo;"},"content":{"rendered":"<p>Croissance compacte \u00e0 developpement r\u00e9gulier. Feuillage argent\u00e9, petit, ondul\u00e9. En \u00e9t\u00e9 cette s\u00e9lection produit des petites fleurs parfum\u00e9es de couleur cr\u00e9me.<\/p>\n","protected":false},"excerpt":{"rendered":"<p>Croissance compacte \u00e0 developpement r\u00e9gulier. Feuillage argent\u00e9, petit, ondul\u00e9. En \u00e9t\u00e9 cette s\u00e9lection produit des petites fleurs parfum\u00e9es de couleur cr\u00e9me.<\/p>\n","protected":false},"featured_media":2324,"template":"","meta":{"_acf_changed":false},"product_brand":[],"product_cat":[8817],"product_tag":[10897,6265,8497,6255,6266],"class_list":{"0":"post-12708","1":"product","2":"type-product","3":"status-publish","4":"has-post-thumbnail","6":"product_cat-arbres-et-arbustes-persistants","7":"product_tag-naturelle","8":"product_tag-boule","9":"product_tag-cepee-remontee","10":"product_tag-demi-tige","11":"product_tag-jardiniere","12":"pa_altezza-massima-400-fr","13":"pa_altezza-massima-600-fr","14":"pa_colore-delle-foglie-grises","15":"pa_colore-fioritura-blanc","16":"pa_condizionamento-clt-fr","17":"pa_condizionamento-coupe-fr","18":"pa_condizionamento-vs-fr","19":"pa_famiglia-eleagnaceae-fr","20":"pa_genere-elaeagnus-fr","21":"pa_inquinamento-resistance-a-la-pollution","22":"pa_origine-france-fr","23":"pa_periodo-fioritura-juillet","24":"pa_periodo-fioritura-juin","25":"pa_portamento-arrondi","26":"pa_profumo-intense-fr","27":"pa_resistenza-climatica-tres-elevee","28":"pa_resistenza-del-suolo-resistant-aux-sols-calcaires","29":"pa_resistenza-del-suolo-resistant-aux-sols-secs","30":"pa_salinita-resistance-a-la-salinisation","31":"pa_utilizzo-parcs","32":"pa_utilizzo-petits-jardins","34":"first","35":"instock","36":"purchasable","37":"product-type-simple"},"acf":[],"_links":{"self":[{"href":"https:\/\/innocentiemangonipiante.it\/fr\/wp-json\/wp\/v2\/product\/12708","targetHints":{"allow":["GET"]}}],"collection":[{"href":"https:\/\/innocentiemangonipiante.it\/fr\/wp-json\/wp\/v2\/product"}],"about":[{"href":"https:\/\/innocentiemangonipiante.it\/fr\/wp-json\/wp\/v2\/types\/product"}],"wp:featuredmedia":[{"embeddable":true,"href":"https:\/\/innocentiemangonipiante.it\/fr\/wp-json\/wp\/v2\/media\/2324"}],"wp:attachment":[{"href":"https:\/\/innocentiemangonipiante.it\/fr\/wp-json\/wp\/v2\/media?parent=12708"}],"wp:term":[{"taxonomy":"product_brand","embeddable":true,"href":"https:\/\/innocentiemangonipiante.it\/fr\/wp-json\/wp\/v2\/product_brand?post=12708"},{"taxonomy":"product_cat","embeddable":true,"href":"https:\/\/innocentiemangonipiante.it\/fr\/wp-json\/wp\/v2\/product_cat?post=12708"},{"taxonomy":"product_tag","embeddable":true,"href":"https:\/\/innocentiemangonipiante.it\/fr\/wp-json\/wp\/v2\/product_tag?post=12708"}],"curies":[{"name":"wp","href":"https:\/\/api.w.org\/{rel}","templated":true}]}}