{"id":12709,"date":"2023-11-04T00:43:04","date_gmt":"2023-11-03T23:43:04","guid":{"rendered":"http:\/\/innocentiemangonipiante.it\/elaeagnus-x-ebbingei\/"},"modified":"2023-11-06T14:36:02","modified_gmt":"2023-11-06T13:36:02","slug":"elaeagnus-x-ebbingei","status":"publish","type":"product","link":"https:\/\/innocentiemangonipiante.it\/fr\/elaeagnus-x-ebbingei\/","title":{"rendered":"ELAEAGNUS x ebbingei"},"content":{"rendered":"<p>Arbuste persistant, d\u2019arrondi \u00e0 ample, aux feuilles elliptiques, coriaces, d\u2019une longueur de 10 cm et de couleur vert mer sur la face sup\u00e9rieure et argent\u00e9e au-dessous. Au d\u00e9but de l\u2019automne, il donne des fleurs tr\u00e8s parfum\u00e9es de couleur blanc cr\u00e8me.<\/p>\n","protected":false},"excerpt":{"rendered":"<p>Arbuste persistant, d\u2019arrondi \u00e0 ample, aux feuilles elliptiques, coriaces, d\u2019une longueur de 10 cm et de couleur vert mer sur la face sup\u00e9rieure et argent\u00e9e au-dessous. Au d\u00e9but de l\u2019automne, il donne des fleurs tr\u00e8s parfum\u00e9es de couleur blanc cr\u00e8me.<\/p>\n","protected":false},"featured_media":2318,"template":"","meta":{"_acf_changed":false},"product_brand":[],"product_cat":[8817,9230],"product_tag":[10897,6265,6255,8580,8750,6266,8400,8424],"class_list":{"0":"post-12709","1":"product","2":"type-product","3":"status-publish","4":"has-post-thumbnail","6":"product_cat-arbres-et-arbustes-persistants","7":"product_cat-arbres-et-plantes-du-futur","8":"product_tag-naturelle","9":"product_tag-boule","10":"product_tag-demi-tige","11":"product_tag-demi-tige-espalier","12":"product_tag-espalier-fr","13":"product_tag-jardiniere","14":"product_tag-tige","15":"product_tag-tige-espalier","16":"pa_altezza-massima-400-fr","17":"pa_altezza-massima-600-fr","18":"pa_colore-fioritura-blanc","19":"pa_condizionamento-clt-fr","20":"pa_condizionamento-vs-fr","21":"pa_condizionamento-pot-carre","22":"pa_famiglia-eleagnaceae-fr","23":"pa_genere-elaeagnus-fr","24":"pa_origine-hollande","25":"pa_periodo-fioritura-octobre","26":"pa_portamento-arrondi","27":"pa_profumo-intense-fr","28":"pa_resistenza-climatica-tres-elevee","29":"pa_resistenza-del-suolo-resistant-aux-sols-calcaires","30":"pa_resistenza-del-suolo-resistant-aux-sols-secs","31":"pa_salinita-resistance-a-la-salinisation","32":"pa_utilizzo-parcs","33":"pa_utilizzo-petits-jardins","35":"first","36":"instock","37":"purchasable","38":"product-type-simple"},"acf":[],"_links":{"self":[{"href":"https:\/\/innocentiemangonipiante.it\/fr\/wp-json\/wp\/v2\/product\/12709","targetHints":{"allow":["GET"]}}],"collection":[{"href":"https:\/\/innocentiemangonipiante.it\/fr\/wp-json\/wp\/v2\/product"}],"about":[{"href":"https:\/\/innocentiemangonipiante.it\/fr\/wp-json\/wp\/v2\/types\/product"}],"wp:featuredmedia":[{"embeddable":true,"href":"https:\/\/innocentiemangonipiante.it\/fr\/wp-json\/wp\/v2\/media\/2318"}],"wp:attachment":[{"href":"https:\/\/innocentiemangonipiante.it\/fr\/wp-json\/wp\/v2\/media?parent=12709"}],"wp:term":[{"taxonomy":"product_brand","embeddable":true,"href":"https:\/\/innocentiemangonipiante.it\/fr\/wp-json\/wp\/v2\/product_brand?post=12709"},{"taxonomy":"product_cat","embeddable":true,"href":"https:\/\/innocentiemangonipiante.it\/fr\/wp-json\/wp\/v2\/product_cat?post=12709"},{"taxonomy":"product_tag","embeddable":true,"href":"https:\/\/innocentiemangonipiante.it\/fr\/wp-json\/wp\/v2\/product_tag?post=12709"}],"curies":[{"name":"wp","href":"https:\/\/api.w.org\/{rel}","templated":true}]}}