{"id":12711,"date":"2023-11-04T00:42:43","date_gmt":"2023-11-03T23:42:43","guid":{"rendered":"http:\/\/innocentiemangonipiante.it\/elaeagnus-angustifolia\/"},"modified":"2023-11-06T14:35:52","modified_gmt":"2023-11-06T13:35:52","slug":"elaeagnus-angustifolia","status":"publish","type":"product","link":"https:\/\/innocentiemangonipiante.it\/fr\/elaeagnus-angustifolia\/","title":{"rendered":"ELAEAGNUS angustifolia"},"content":{"rendered":"<p>\u201cOlivier de Boh\u00e8me\u201d. Petit arbre \u00e0 feuille caduque au port ample. Epineux. La ramescence, recouverte d\u2019une \u00e9corce marron aux nuances rouge\u00e2tres, est lisse. Les feuilles, similaires \u00e0 celles du saule, sont lanc\u00e9ol\u00e9es d\u2019une longueur de 10 cm et de couleur verte sur la face sup\u00e9rieure et argent\u00e9e sur la face inf\u00e9rieure.<\/p>\n","protected":false},"excerpt":{"rendered":"<p>\u201cOlivier de Boh\u00e8me\u201d. Petit arbre \u00e0 feuille caduque au port ample. Epineux. La ramescence, recouverte d\u2019une \u00e9corce marron aux nuances rouge\u00e2tres, est lisse. Les feuilles, similaires \u00e0 celles du saule, sont lanc\u00e9ol\u00e9es d\u2019une longueur de 10 cm et de couleur verte sur la face sup\u00e9rieure et argent\u00e9e sur la face inf\u00e9rieure.<\/p>\n","protected":false},"featured_media":2305,"template":"","meta":{"_acf_changed":false},"product_brand":[],"product_cat":[8817,9230],"product_tag":[10897,8400],"class_list":{"0":"post-12711","1":"product","2":"type-product","3":"status-publish","4":"has-post-thumbnail","6":"product_cat-arbres-et-arbustes-persistants","7":"product_cat-arbres-et-plantes-du-futur","8":"product_tag-naturelle","9":"product_tag-tige","10":"pa_altezza-massima-400-fr","11":"pa_altezza-massima-600-fr","12":"pa_colore-fioritura-blanc","13":"pa_condizionamento-clt-fr","14":"pa_condizionamento-motte","15":"pa_famiglia-eleagnaceae-fr","16":"pa_genere-elaeagnus-fr","17":"pa_inquinamento-resistance-a-la-pollution","18":"pa_origine-europe-mediterraneenne","19":"pa_periodo-fioritura-novembre-fr","20":"pa_periodo-fioritura-octobre","21":"pa_portamento-arrondi","22":"pa_resistenza-climatica-tres-elevee","23":"pa_resistenza-del-suolo-resistant-au-sol-humide","24":"pa_resistenza-del-suolo-resistant-aux-sols-calcaires","25":"pa_resistenza-del-suolo-resistant-aux-sols-secs","26":"pa_salinita-resistance-a-la-salinisation","27":"pa_utilizzo-parcs","28":"pa_utilizzo-petits-jardins","30":"first","31":"instock","32":"purchasable","33":"product-type-simple"},"acf":[],"_links":{"self":[{"href":"https:\/\/innocentiemangonipiante.it\/fr\/wp-json\/wp\/v2\/product\/12711","targetHints":{"allow":["GET"]}}],"collection":[{"href":"https:\/\/innocentiemangonipiante.it\/fr\/wp-json\/wp\/v2\/product"}],"about":[{"href":"https:\/\/innocentiemangonipiante.it\/fr\/wp-json\/wp\/v2\/types\/product"}],"wp:featuredmedia":[{"embeddable":true,"href":"https:\/\/innocentiemangonipiante.it\/fr\/wp-json\/wp\/v2\/media\/2305"}],"wp:attachment":[{"href":"https:\/\/innocentiemangonipiante.it\/fr\/wp-json\/wp\/v2\/media?parent=12711"}],"wp:term":[{"taxonomy":"product_brand","embeddable":true,"href":"https:\/\/innocentiemangonipiante.it\/fr\/wp-json\/wp\/v2\/product_brand?post=12711"},{"taxonomy":"product_cat","embeddable":true,"href":"https:\/\/innocentiemangonipiante.it\/fr\/wp-json\/wp\/v2\/product_cat?post=12711"},{"taxonomy":"product_tag","embeddable":true,"href":"https:\/\/innocentiemangonipiante.it\/fr\/wp-json\/wp\/v2\/product_tag?post=12711"}],"curies":[{"name":"wp","href":"https:\/\/api.w.org\/{rel}","templated":true}]}}