{"id":12712,"date":"2023-11-04T00:44:37","date_gmt":"2023-11-03T23:44:37","guid":{"rendered":"http:\/\/innocentiemangonipiante.it\/erica-in-varieta\/"},"modified":"2023-11-06T14:37:02","modified_gmt":"2023-11-06T13:37:02","slug":"erica-in-varieta","status":"publish","type":"product","link":"https:\/\/innocentiemangonipiante.it\/fr\/erica-in-varieta\/","title":{"rendered":"ERICA in variet\u00e0"},"content":{"rendered":"<p>Vivace arbustive originaire de l\u2019Afrique du Sud, tr\u00e8s rustique, avec port buissonnant, compos\u00e9 par plusieurs branches couvertes de feuilles minces aciculaires que \u00e0 la fin de l&rsquo;automne sont couvertes de petites fleurs tr\u00e8s abbondantes en forme de campanule de couleurs vari\u00e9s selon les esp\u00e8ces et les vari\u00e9t\u00e9s, qui font ressembler la plantes \u00e0 un nuage color\u00e9.<\/p>\n","protected":false},"excerpt":{"rendered":"<p>Vivace arbustive originaire de l\u2019Afrique du Sud, tr\u00e8s rustique, avec port buissonnant, compos\u00e9 par plusieurs branches couvertes de feuilles minces aciculaires que \u00e0 la fin de l&rsquo;automne sont couvertes de petites fleurs tr\u00e8s abbondantes en forme de campanule de couleurs vari\u00e9s selon les esp\u00e8ces et les vari\u00e9t\u00e9s, qui font ressembler la plantes \u00e0 un nuage [&hellip;]<\/p>\n","protected":false},"featured_media":2350,"template":"","meta":{"_acf_changed":false},"product_brand":[],"product_cat":[8817],"product_tag":[10897],"class_list":{"0":"post-12712","1":"product","2":"type-product","3":"status-publish","4":"has-post-thumbnail","6":"product_cat-arbres-et-arbustes-persistants","7":"product_tag-naturelle","8":"pa_altezza-massima-0_50-metres","9":"pa_altezza-massima-0_75-metres","10":"pa_colore-fioritura-rose","11":"pa_condizionamento-clt-fr","12":"pa_famiglia-ericaceae-fr","13":"pa_genere-erica-fr","14":"pa_origine-afrique-du-sud","15":"pa_periodo-fioritura-avril","16":"pa_periodo-fioritura-fevrier","17":"pa_periodo-fioritura-mai","18":"pa_periodo-fioritura-mars","19":"pa_portamento-cespuglioso-fr","20":"pa_resistenza-climatica-tres-elevee","21":"pa_utilizzo-balcons","22":"pa_utilizzo-bordures","23":"pa_utilizzo-petits-jardins","25":"first","26":"instock","27":"purchasable","28":"product-type-simple"},"acf":[],"_links":{"self":[{"href":"https:\/\/innocentiemangonipiante.it\/fr\/wp-json\/wp\/v2\/product\/12712","targetHints":{"allow":["GET"]}}],"collection":[{"href":"https:\/\/innocentiemangonipiante.it\/fr\/wp-json\/wp\/v2\/product"}],"about":[{"href":"https:\/\/innocentiemangonipiante.it\/fr\/wp-json\/wp\/v2\/types\/product"}],"wp:featuredmedia":[{"embeddable":true,"href":"https:\/\/innocentiemangonipiante.it\/fr\/wp-json\/wp\/v2\/media\/2350"}],"wp:attachment":[{"href":"https:\/\/innocentiemangonipiante.it\/fr\/wp-json\/wp\/v2\/media?parent=12712"}],"wp:term":[{"taxonomy":"product_brand","embeddable":true,"href":"https:\/\/innocentiemangonipiante.it\/fr\/wp-json\/wp\/v2\/product_brand?post=12712"},{"taxonomy":"product_cat","embeddable":true,"href":"https:\/\/innocentiemangonipiante.it\/fr\/wp-json\/wp\/v2\/product_cat?post=12712"},{"taxonomy":"product_tag","embeddable":true,"href":"https:\/\/innocentiemangonipiante.it\/fr\/wp-json\/wp\/v2\/product_tag?post=12712"}],"curies":[{"name":"wp","href":"https:\/\/api.w.org\/{rel}","templated":true}]}}