{"id":12714,"date":"2023-11-04T00:44:51","date_gmt":"2023-11-03T23:44:51","guid":{"rendered":"http:\/\/innocentiemangonipiante.it\/eriobotrya-coppertone\/"},"modified":"2023-11-06T14:37:06","modified_gmt":"2023-11-06T13:37:06","slug":"eriobotrya-coppertone","status":"publish","type":"product","link":"https:\/\/innocentiemangonipiante.it\/fr\/eriobotrya-coppertone\/","title":{"rendered":"ERIOBOTRYA &lsquo;Coppertone&rsquo; \u00ae"},"content":{"rendered":"<p>Vari\u00e9t\u00e9 de cr\u00e9ation r\u00e9cente. Arbuste persistant au port semblable \u00e0 celui du Raphiolepsis. Les feuilles, ovales \u00e0 oblongues, aux bords l\u00e9g\u00e8rement dentel\u00e9s, sont de couleur vert sombre sur la face sup\u00e9rieure et bronz\u00e9es au-dessous. Au d\u00e9but du printemps, s\u2019\u00e9panouissent des petites fleurs simples \u00e0 5 p\u00e9tales en petits groupes de couleur rose.<\/p>\n","protected":false},"excerpt":{"rendered":"<p>Vari\u00e9t\u00e9 de cr\u00e9ation r\u00e9cente. Arbuste persistant au port semblable \u00e0 celui du Raphiolepsis. Les feuilles, ovales \u00e0 oblongues, aux bords l\u00e9g\u00e8rement dentel\u00e9s, sont de couleur vert sombre sur la face sup\u00e9rieure et bronz\u00e9es au-dessous. Au d\u00e9but du printemps, s\u2019\u00e9panouissent des petites fleurs simples \u00e0 5 p\u00e9tales en petits groupes de couleur rose.<\/p>\n","protected":false},"featured_media":2356,"template":"","meta":{"_acf_changed":false},"product_brand":[],"product_cat":[8817,9230],"product_tag":[10897,6255],"class_list":{"0":"post-12714","1":"product","2":"type-product","3":"status-publish","4":"has-post-thumbnail","6":"product_cat-arbres-et-arbustes-persistants","7":"product_cat-arbres-et-plantes-du-futur","8":"product_tag-naturelle","9":"product_tag-demi-tige","10":"pa_altezza-massima-200-fr","11":"pa_altezza-massima-300-fr-2","12":"pa_colore-delle-foglie-panachees","13":"pa_colore-fioritura-rose","14":"pa_condizionamento-clt-fr","15":"pa_condizionamento-vs-fr","16":"pa_famiglia-rosaceae-fr","17":"pa_genere-eriobotrya-fr","18":"pa_origine-origine-delle-piante-u-s-a","19":"pa_periodo-fioritura-mars","20":"pa_portamento-arrondi","21":"pa_profumo-intense-fr","22":"pa_resistenza-climatica-moyenne-elevee","23":"pa_resistenza-del-suolo-resistant-aux-sols-calcaires","24":"pa_resistenza-del-suolo-resistant-aux-sols-secs","25":"pa_utilizzo-parcs","26":"pa_utilizzo-petits-jardins","28":"first","29":"instock","30":"purchasable","31":"product-type-simple"},"acf":[],"_links":{"self":[{"href":"https:\/\/innocentiemangonipiante.it\/fr\/wp-json\/wp\/v2\/product\/12714","targetHints":{"allow":["GET"]}}],"collection":[{"href":"https:\/\/innocentiemangonipiante.it\/fr\/wp-json\/wp\/v2\/product"}],"about":[{"href":"https:\/\/innocentiemangonipiante.it\/fr\/wp-json\/wp\/v2\/types\/product"}],"wp:featuredmedia":[{"embeddable":true,"href":"https:\/\/innocentiemangonipiante.it\/fr\/wp-json\/wp\/v2\/media\/2356"}],"wp:attachment":[{"href":"https:\/\/innocentiemangonipiante.it\/fr\/wp-json\/wp\/v2\/media?parent=12714"}],"wp:term":[{"taxonomy":"product_brand","embeddable":true,"href":"https:\/\/innocentiemangonipiante.it\/fr\/wp-json\/wp\/v2\/product_brand?post=12714"},{"taxonomy":"product_cat","embeddable":true,"href":"https:\/\/innocentiemangonipiante.it\/fr\/wp-json\/wp\/v2\/product_cat?post=12714"},{"taxonomy":"product_tag","embeddable":true,"href":"https:\/\/innocentiemangonipiante.it\/fr\/wp-json\/wp\/v2\/product_tag?post=12714"}],"curies":[{"name":"wp","href":"https:\/\/api.w.org\/{rel}","templated":true}]}}