{"id":12715,"date":"2023-11-04T00:45:10","date_gmt":"2023-11-03T23:45:10","guid":{"rendered":"http:\/\/innocentiemangonipiante.it\/erythea-armata\/"},"modified":"2023-11-06T14:37:16","modified_gmt":"2023-11-06T13:37:16","slug":"erythea-armata","status":"publish","type":"product","link":"https:\/\/innocentiemangonipiante.it\/fr\/erythea-armata\/","title":{"rendered":"ERYTHEA armata"},"content":{"rendered":"<p>Palmier \u00e0 feuilles glauques, erig\u00e9 au tronc recouvert de bases foliaires fibreuses. Les feuilles palm\u00e9es de couleur vert-bleu sont constitu\u00e9es de 50 lobes environ plats et minces port\u00e9s sur des tiges recourb\u00e9es.<\/p>\n","protected":false},"excerpt":{"rendered":"<p>Palmier \u00e0 feuilles glauques, erig\u00e9 au tronc recouvert de bases foliaires fibreuses. Les feuilles palm\u00e9es de couleur vert-bleu sont constitu\u00e9es de 50 lobes environ plats et minces port\u00e9s sur des tiges recourb\u00e9es.<\/p>\n","protected":false},"featured_media":2368,"template":"","meta":{"_acf_changed":false},"product_brand":[],"product_cat":[8833],"product_tag":[10897],"class_list":{"0":"post-12715","1":"product","2":"type-product","3":"status-publish","4":"has-post-thumbnail","6":"product_cat-palme-et-succulent","7":"product_tag-naturelle","8":"pa_altezza-massima-1000-fr-2","9":"pa_altezza-massima-15-metres","10":"pa_colore-delle-foglie-bleu","11":"pa_famiglia-palmae-fr","12":"pa_genere-erythea-fr","13":"pa_origine-californie","14":"pa_portamento-eretto-fr","15":"pa_resistenza-climatica-moyenne-elevee","16":"pa_salinita-resistance-a-la-salinisation","17":"pa_utilizzo-parcs","19":"first","20":"instock","21":"purchasable","22":"product-type-simple"},"acf":[],"_links":{"self":[{"href":"https:\/\/innocentiemangonipiante.it\/fr\/wp-json\/wp\/v2\/product\/12715","targetHints":{"allow":["GET"]}}],"collection":[{"href":"https:\/\/innocentiemangonipiante.it\/fr\/wp-json\/wp\/v2\/product"}],"about":[{"href":"https:\/\/innocentiemangonipiante.it\/fr\/wp-json\/wp\/v2\/types\/product"}],"wp:featuredmedia":[{"embeddable":true,"href":"https:\/\/innocentiemangonipiante.it\/fr\/wp-json\/wp\/v2\/media\/2368"}],"wp:attachment":[{"href":"https:\/\/innocentiemangonipiante.it\/fr\/wp-json\/wp\/v2\/media?parent=12715"}],"wp:term":[{"taxonomy":"product_brand","embeddable":true,"href":"https:\/\/innocentiemangonipiante.it\/fr\/wp-json\/wp\/v2\/product_brand?post=12715"},{"taxonomy":"product_cat","embeddable":true,"href":"https:\/\/innocentiemangonipiante.it\/fr\/wp-json\/wp\/v2\/product_cat?post=12715"},{"taxonomy":"product_tag","embeddable":true,"href":"https:\/\/innocentiemangonipiante.it\/fr\/wp-json\/wp\/v2\/product_tag?post=12715"}],"curies":[{"name":"wp","href":"https:\/\/api.w.org\/{rel}","templated":true}]}}