{"id":12719,"date":"2023-11-04T00:45:42","date_gmt":"2023-11-03T23:45:42","guid":{"rendered":"http:\/\/innocentiemangonipiante.it\/escallonia-iveyi\/"},"modified":"2023-11-06T14:37:29","modified_gmt":"2023-11-06T13:37:29","slug":"escallonia-iveyi","status":"publish","type":"product","link":"https:\/\/innocentiemangonipiante.it\/fr\/escallonia-iveyi\/","title":{"rendered":"ESCALLONIA &lsquo;Iveyi&rsquo;"},"content":{"rendered":"<p>Croissance \u00e9rig\u00e9e, fleurs blanches parfum\u00e9es de Mai \u00e0 Juillet. Refloraison de Septembre \u00e0 Octobre.<\/p>\n","protected":false},"excerpt":{"rendered":"<p>Croissance \u00e9rig\u00e9e, fleurs blanches parfum\u00e9es de Mai \u00e0 Juillet. Refloraison de Septembre \u00e0 Octobre.<\/p>\n","protected":false},"featured_media":2386,"template":"","meta":{"_acf_changed":false},"product_brand":[],"product_cat":[8817],"product_tag":[10897],"class_list":{"0":"post-12719","1":"product","2":"type-product","3":"status-publish","4":"has-post-thumbnail","6":"product_cat-arbres-et-arbustes-persistants","7":"product_tag-naturelle","8":"pa_altezza-massima-100-fr","9":"pa_altezza-massima-150-fr","10":"pa_colore-fioritura-blanc","11":"pa_condizionamento-clt-fr","12":"pa_famiglia-escalloniaceae-fr","13":"pa_genere-escallonia-fr","14":"pa_origine-angleterre","15":"pa_periodo-fioritura-juillet","16":"pa_periodo-fioritura-juin","17":"pa_periodo-fioritura-mai","18":"pa_periodo-fioritura-octobre","19":"pa_periodo-fioritura-septembre","20":"pa_portamento-cespuglioso-fr","21":"pa_profumo-intense-fr","22":"pa_resistenza-climatica-moyenne","23":"pa_salinita-resistance-a-la-salinisation","24":"pa_utilizzo-balcons","25":"pa_utilizzo-petits-jardins","27":"first","28":"instock","29":"purchasable","30":"product-type-simple"},"acf":[],"_links":{"self":[{"href":"https:\/\/innocentiemangonipiante.it\/fr\/wp-json\/wp\/v2\/product\/12719","targetHints":{"allow":["GET"]}}],"collection":[{"href":"https:\/\/innocentiemangonipiante.it\/fr\/wp-json\/wp\/v2\/product"}],"about":[{"href":"https:\/\/innocentiemangonipiante.it\/fr\/wp-json\/wp\/v2\/types\/product"}],"wp:featuredmedia":[{"embeddable":true,"href":"https:\/\/innocentiemangonipiante.it\/fr\/wp-json\/wp\/v2\/media\/2386"}],"wp:attachment":[{"href":"https:\/\/innocentiemangonipiante.it\/fr\/wp-json\/wp\/v2\/media?parent=12719"}],"wp:term":[{"taxonomy":"product_brand","embeddable":true,"href":"https:\/\/innocentiemangonipiante.it\/fr\/wp-json\/wp\/v2\/product_brand?post=12719"},{"taxonomy":"product_cat","embeddable":true,"href":"https:\/\/innocentiemangonipiante.it\/fr\/wp-json\/wp\/v2\/product_cat?post=12719"},{"taxonomy":"product_tag","embeddable":true,"href":"https:\/\/innocentiemangonipiante.it\/fr\/wp-json\/wp\/v2\/product_tag?post=12719"}],"curies":[{"name":"wp","href":"https:\/\/api.w.org\/{rel}","templated":true}]}}