{"id":12727,"date":"2023-11-04T00:46:26","date_gmt":"2023-11-03T23:46:26","guid":{"rendered":"http:\/\/innocentiemangonipiante.it\/eucalyptus-gunnii\/"},"modified":"2023-11-06T14:37:45","modified_gmt":"2023-11-06T13:37:45","slug":"eucalyptus-gunnii","status":"publish","type":"product","link":"https:\/\/innocentiemangonipiante.it\/fr\/eucalyptus-gunnii\/","title":{"rendered":"EUCALYPTUS gunnii"},"content":{"rendered":"<p>Ecorce lisse de couleur vert blanch\u00e2tre qui s\u2019effeuille \u00e0 la fin de chaque \u00e9t\u00e9. La nouvelle \u00e9corce est de couleur vert gris\u00e2tre. Feuilles arrondies allant du gris vert au gris glauque.<\/p>\n","protected":false},"excerpt":{"rendered":"<p>Ecorce lisse de couleur vert blanch\u00e2tre qui s\u2019effeuille \u00e0 la fin de chaque \u00e9t\u00e9. La nouvelle \u00e9corce est de couleur vert gris\u00e2tre. Feuilles arrondies allant du gris vert au gris glauque.<\/p>\n","protected":false},"featured_media":2411,"template":"","meta":{"_acf_changed":false},"product_brand":[],"product_cat":[8817],"product_tag":[10897,8596,6255,8400],"class_list":{"0":"post-12727","1":"product","2":"type-product","3":"status-publish","4":"has-post-thumbnail","6":"product_cat-arbres-et-arbustes-persistants","7":"product_tag-naturelle","8":"product_tag-cepee","9":"product_tag-demi-tige","10":"product_tag-tige","11":"pa_altezza-massima-20-metres","12":"pa_altezza-massima-25-metres","13":"pa_colore-delle-foglie-grises","14":"pa_condizionamento-clt-fr","15":"pa_condizionamento-vs-fr","16":"pa_famiglia-myrtaceae-fr","17":"pa_genere-eucalyptus-fr","18":"pa_origine-australie","19":"pa_portamento-conico-fr","20":"pa_resistenza-climatica-moyenne-elevee","21":"pa_resistenza-del-suolo-resistant-aux-sols-secs","22":"pa_salinita-resistance-a-la-salinisation","23":"pa_utilizzo-parcs","25":"first","26":"instock","27":"purchasable","28":"product-type-simple"},"acf":[],"_links":{"self":[{"href":"https:\/\/innocentiemangonipiante.it\/fr\/wp-json\/wp\/v2\/product\/12727","targetHints":{"allow":["GET"]}}],"collection":[{"href":"https:\/\/innocentiemangonipiante.it\/fr\/wp-json\/wp\/v2\/product"}],"about":[{"href":"https:\/\/innocentiemangonipiante.it\/fr\/wp-json\/wp\/v2\/types\/product"}],"wp:featuredmedia":[{"embeddable":true,"href":"https:\/\/innocentiemangonipiante.it\/fr\/wp-json\/wp\/v2\/media\/2411"}],"wp:attachment":[{"href":"https:\/\/innocentiemangonipiante.it\/fr\/wp-json\/wp\/v2\/media?parent=12727"}],"wp:term":[{"taxonomy":"product_brand","embeddable":true,"href":"https:\/\/innocentiemangonipiante.it\/fr\/wp-json\/wp\/v2\/product_brand?post=12727"},{"taxonomy":"product_cat","embeddable":true,"href":"https:\/\/innocentiemangonipiante.it\/fr\/wp-json\/wp\/v2\/product_cat?post=12727"},{"taxonomy":"product_tag","embeddable":true,"href":"https:\/\/innocentiemangonipiante.it\/fr\/wp-json\/wp\/v2\/product_tag?post=12727"}],"curies":[{"name":"wp","href":"https:\/\/api.w.org\/{rel}","templated":true}]}}