{"id":12730,"date":"2023-11-04T00:47:38","date_gmt":"2023-11-03T23:47:38","guid":{"rendered":"http:\/\/innocentiemangonipiante.it\/eugenia-myrtifolia-newport\/"},"modified":"2023-11-06T14:38:50","modified_gmt":"2023-11-06T13:38:50","slug":"eugenia-myrtifolia-newport","status":"publish","type":"product","link":"https:\/\/innocentiemangonipiante.it\/fr\/eugenia-myrtifolia-newport\/","title":{"rendered":"EUGENIA myrtifolia &lsquo;Newport&rsquo;"},"content":{"rendered":"<p>Le port est dense et compact. Caract\u00e9ristiques similaires \u00e0 la vari\u00e9t\u00e9 type.<\/p>\n","protected":false},"excerpt":{"rendered":"<p>Le port est dense et compact. Caract\u00e9ristiques similaires \u00e0 la vari\u00e9t\u00e9 type.<\/p>\n","protected":false},"featured_media":2449,"template":"","meta":{"_acf_changed":false},"product_brand":[],"product_cat":[8817],"product_tag":[10897],"class_list":{"0":"post-12730","1":"product","2":"type-product","3":"status-publish","4":"has-post-thumbnail","6":"product_cat-arbres-et-arbustes-persistants","7":"product_tag-naturelle","8":"pa_altezza-massima-400-fr","9":"pa_altezza-massima-600-fr","10":"pa_colore-fioritura-blanc","11":"pa_condizionamento-clt-fr","12":"pa_condizionamento-vs-fr","13":"pa_famiglia-myrtaceae-fr","14":"pa_genere-eugenia-fr","15":"pa_origine-asie","16":"pa_periodo-fioritura-aout","17":"pa_periodo-fioritura-juillet","18":"pa_periodo-fioritura-septembre","19":"pa_portamento-cespuglioso-fr","20":"pa_resistenza-climatica-plantes-avec-une-faible-resistance-climatique","21":"pa_utilizzo-parcs","22":"pa_utilizzo-petits-jardins","24":"first","25":"instock","26":"purchasable","27":"product-type-simple"},"acf":[],"_links":{"self":[{"href":"https:\/\/innocentiemangonipiante.it\/fr\/wp-json\/wp\/v2\/product\/12730","targetHints":{"allow":["GET"]}}],"collection":[{"href":"https:\/\/innocentiemangonipiante.it\/fr\/wp-json\/wp\/v2\/product"}],"about":[{"href":"https:\/\/innocentiemangonipiante.it\/fr\/wp-json\/wp\/v2\/types\/product"}],"wp:featuredmedia":[{"embeddable":true,"href":"https:\/\/innocentiemangonipiante.it\/fr\/wp-json\/wp\/v2\/media\/2449"}],"wp:attachment":[{"href":"https:\/\/innocentiemangonipiante.it\/fr\/wp-json\/wp\/v2\/media?parent=12730"}],"wp:term":[{"taxonomy":"product_brand","embeddable":true,"href":"https:\/\/innocentiemangonipiante.it\/fr\/wp-json\/wp\/v2\/product_brand?post=12730"},{"taxonomy":"product_cat","embeddable":true,"href":"https:\/\/innocentiemangonipiante.it\/fr\/wp-json\/wp\/v2\/product_cat?post=12730"},{"taxonomy":"product_tag","embeddable":true,"href":"https:\/\/innocentiemangonipiante.it\/fr\/wp-json\/wp\/v2\/product_tag?post=12730"}],"curies":[{"name":"wp","href":"https:\/\/api.w.org\/{rel}","templated":true}]}}