{"id":12731,"date":"2023-11-04T00:47:32","date_gmt":"2023-11-03T23:47:32","guid":{"rendered":"http:\/\/innocentiemangonipiante.it\/eugenia-myrtifolia\/"},"modified":"2023-11-06T14:38:48","modified_gmt":"2023-11-06T13:38:48","slug":"eugenia-myrtifolia","status":"publish","type":"product","link":"https:\/\/innocentiemangonipiante.it\/fr\/eugenia-myrtifolia\/","title":{"rendered":"EUGENIA myrtifolia"},"content":{"rendered":"<p>Arbuste persistant avec beau foliage vert fonc\u00e9 brillant. Les fleurs blanccr\u00e8me qui apparaissent en \u00e9t\u00e9 sont suivies par de bayes rose-pourpre. Tr\u00e8s indiqu\u00e9s pour les r\u00e9gions c\u00f4ti\u00e8res.<\/p>\n","protected":false},"excerpt":{"rendered":"<p>Arbuste persistant avec beau foliage vert fonc\u00e9 brillant. Les fleurs blanccr\u00e8me qui apparaissent en \u00e9t\u00e9 sont suivies par de bayes rose-pourpre. Tr\u00e8s indiqu\u00e9s pour les r\u00e9gions c\u00f4ti\u00e8res.<\/p>\n","protected":false},"featured_media":2443,"template":"","meta":{"_acf_changed":false},"product_brand":[],"product_cat":[8817],"product_tag":[10897],"class_list":{"0":"post-12731","1":"product","2":"type-product","3":"status-publish","4":"has-post-thumbnail","6":"product_cat-arbres-et-arbustes-persistants","7":"product_tag-naturelle","8":"pa_altezza-massima-400-fr","9":"pa_altezza-massima-600-fr","10":"pa_colore-fioritura-blanc","11":"pa_condizionamento-clt-fr","12":"pa_famiglia-myrtaceae-fr","13":"pa_genere-eugenia-fr","14":"pa_origine-australie","15":"pa_periodo-fioritura-aout","16":"pa_periodo-fioritura-juillet","17":"pa_periodo-fioritura-juin","18":"pa_portamento-cespuglioso-fr","19":"pa_resistenza-climatica-plantes-avec-une-faible-resistance-climatique","20":"pa_utilizzo-parcs","21":"pa_utilizzo-petits-jardins","23":"first","24":"instock","25":"purchasable","26":"product-type-simple"},"acf":[],"_links":{"self":[{"href":"https:\/\/innocentiemangonipiante.it\/fr\/wp-json\/wp\/v2\/product\/12731","targetHints":{"allow":["GET"]}}],"collection":[{"href":"https:\/\/innocentiemangonipiante.it\/fr\/wp-json\/wp\/v2\/product"}],"about":[{"href":"https:\/\/innocentiemangonipiante.it\/fr\/wp-json\/wp\/v2\/types\/product"}],"wp:featuredmedia":[{"embeddable":true,"href":"https:\/\/innocentiemangonipiante.it\/fr\/wp-json\/wp\/v2\/media\/2443"}],"wp:attachment":[{"href":"https:\/\/innocentiemangonipiante.it\/fr\/wp-json\/wp\/v2\/media?parent=12731"}],"wp:term":[{"taxonomy":"product_brand","embeddable":true,"href":"https:\/\/innocentiemangonipiante.it\/fr\/wp-json\/wp\/v2\/product_brand?post=12731"},{"taxonomy":"product_cat","embeddable":true,"href":"https:\/\/innocentiemangonipiante.it\/fr\/wp-json\/wp\/v2\/product_cat?post=12731"},{"taxonomy":"product_tag","embeddable":true,"href":"https:\/\/innocentiemangonipiante.it\/fr\/wp-json\/wp\/v2\/product_tag?post=12731"}],"curies":[{"name":"wp","href":"https:\/\/api.w.org\/{rel}","templated":true}]}}