{"id":12732,"date":"2023-11-04T00:47:45","date_gmt":"2023-11-03T23:47:45","guid":{"rendered":"http:\/\/innocentiemangonipiante.it\/euodia-daniellii\/"},"modified":"2023-11-06T14:38:52","modified_gmt":"2023-11-06T13:38:52","slug":"euodia-daniellii","status":"publish","type":"product","link":"https:\/\/innocentiemangonipiante.it\/fr\/euodia-daniellii\/","title":{"rendered":"EUODIA daniellii"},"content":{"rendered":"<p>Arbre caduc \u00e0 croissance rapide avec port \u00e9largi. Feuillage vert fonc\u00e9, luisant, jaune en automne. Abondante floraison blanche et parfum\u00e9e en \u00e9t\u00e9. Tr\u00e8s indiqu\u00e8 pour la production du miel. Grappes des fleurs qui virent au rouge en automne. S\u00e9lection tr\u00e8s resistante au climat sec.<\/p>\n","protected":false},"excerpt":{"rendered":"<p>Arbre caduc \u00e0 croissance rapide avec port \u00e9largi. Feuillage vert fonc\u00e9, luisant, jaune en automne. Abondante floraison blanche et parfum\u00e9e en \u00e9t\u00e9. Tr\u00e8s indiqu\u00e8 pour la production du miel. Grappes des fleurs qui virent au rouge en automne. S\u00e9lection tr\u00e8s resistante au climat sec.<\/p>\n","protected":false},"featured_media":2455,"template":"","meta":{"_acf_changed":false},"product_brand":[],"product_cat":[8812,9230],"product_tag":[10897,8596,8400],"class_list":{"0":"post-12732","1":"product","2":"type-product","3":"status-publish","4":"has-post-thumbnail","6":"product_cat-arbres-et-arbustes-a-feuilles-caduques","7":"product_cat-arbres-et-plantes-du-futur","8":"product_tag-naturelle","9":"product_tag-cepee","10":"product_tag-tige","11":"pa_altezza-massima-1000-fr-2","12":"pa_altezza-massima-15-metres","13":"pa_colore-fioritura-blanc","14":"pa_condizionamento-clt-fr","15":"pa_condizionamento-vs-fr","16":"pa_condizionamento-motte","17":"pa_famiglia-rutaceae-fr","18":"pa_genere-euodia-fr","19":"pa_inquinamento-resistance-a-la-pollution","20":"pa_origine-chine","21":"pa_periodo-fioritura-aout","22":"pa_periodo-fioritura-juillet","23":"pa_periodo-fioritura-juin","24":"pa_portamento-allargato-fr","25":"pa_profumo-intense-fr","26":"pa_resistenza-climatica-tres-elevee","27":"pa_resistenza-del-suolo-resistant-aux-sols-calcaires","28":"pa_resistenza-del-suolo-resistant-aux-sols-pauvres","29":"pa_salinita-resistance-a-la-salinisation","30":"pa_utilizzo-parcs","32":"first","33":"instock","34":"purchasable","35":"product-type-simple"},"acf":[],"_links":{"self":[{"href":"https:\/\/innocentiemangonipiante.it\/fr\/wp-json\/wp\/v2\/product\/12732","targetHints":{"allow":["GET"]}}],"collection":[{"href":"https:\/\/innocentiemangonipiante.it\/fr\/wp-json\/wp\/v2\/product"}],"about":[{"href":"https:\/\/innocentiemangonipiante.it\/fr\/wp-json\/wp\/v2\/types\/product"}],"wp:featuredmedia":[{"embeddable":true,"href":"https:\/\/innocentiemangonipiante.it\/fr\/wp-json\/wp\/v2\/media\/2455"}],"wp:attachment":[{"href":"https:\/\/innocentiemangonipiante.it\/fr\/wp-json\/wp\/v2\/media?parent=12732"}],"wp:term":[{"taxonomy":"product_brand","embeddable":true,"href":"https:\/\/innocentiemangonipiante.it\/fr\/wp-json\/wp\/v2\/product_brand?post=12732"},{"taxonomy":"product_cat","embeddable":true,"href":"https:\/\/innocentiemangonipiante.it\/fr\/wp-json\/wp\/v2\/product_cat?post=12732"},{"taxonomy":"product_tag","embeddable":true,"href":"https:\/\/innocentiemangonipiante.it\/fr\/wp-json\/wp\/v2\/product_tag?post=12732"}],"curies":[{"name":"wp","href":"https:\/\/api.w.org\/{rel}","templated":true}]}}