{"id":12733,"date":"2023-11-04T00:50:06","date_gmt":"2023-11-03T23:50:06","guid":{"rendered":"http:\/\/innocentiemangonipiante.it\/euonymus-japonicus-green-spire\/"},"modified":"2023-11-06T14:40:30","modified_gmt":"2023-11-06T13:40:30","slug":"euonymus-japonicus-green-spire","status":"publish","type":"product","link":"https:\/\/innocentiemangonipiante.it\/fr\/euonymus-japonicus-green-spire\/","title":{"rendered":"EUONYMUS japonicus &lsquo;Green Spire&rsquo;"},"content":{"rendered":"<p>Petit arbuste \u00e0 feuilles persistantes. \u00c9rig\u00e9, forme dense, feuille vert vif.<\/p>\n","protected":false},"excerpt":{"rendered":"<p>Petit arbuste \u00e0 feuilles persistantes. \u00c9rig\u00e9, forme dense, feuille vert vif.<\/p>\n","protected":false},"featured_media":44006,"template":"","meta":{"_acf_changed":false},"product_brand":[],"product_cat":[8817],"product_tag":[10897],"class_list":{"0":"post-12733","1":"product","2":"type-product","3":"status-publish","4":"has-post-thumbnail","6":"product_cat-arbres-et-arbustes-persistants","7":"product_tag-naturelle","8":"pa_altezza-massima-200-fr","9":"pa_altezza-massima-300-fr-2","10":"pa_condizionamento-clt-fr","11":"pa_famiglia-celastraceae-fr","12":"pa_genere-euonymus-fr","13":"pa_origine-europe-mediterraneenne","14":"pa_portamento-eretto-fr","15":"pa_resistenza-climatica-moyenne-elevee","16":"pa_resistenza-del-suolo-resistant-aux-sols-calcaires","17":"pa_resistenza-del-suolo-resistant-aux-sols-secs","18":"pa_salinita-resistance-a-la-salinisation","19":"pa_utilizzo-balcons","20":"pa_utilizzo-haies","21":"pa_utilizzo-petits-jardins","23":"first","24":"instock","25":"purchasable","26":"product-type-simple"},"acf":[],"_links":{"self":[{"href":"https:\/\/innocentiemangonipiante.it\/fr\/wp-json\/wp\/v2\/product\/12733","targetHints":{"allow":["GET"]}}],"collection":[{"href":"https:\/\/innocentiemangonipiante.it\/fr\/wp-json\/wp\/v2\/product"}],"about":[{"href":"https:\/\/innocentiemangonipiante.it\/fr\/wp-json\/wp\/v2\/types\/product"}],"wp:featuredmedia":[{"embeddable":true,"href":"https:\/\/innocentiemangonipiante.it\/fr\/wp-json\/wp\/v2\/media\/44006"}],"wp:attachment":[{"href":"https:\/\/innocentiemangonipiante.it\/fr\/wp-json\/wp\/v2\/media?parent=12733"}],"wp:term":[{"taxonomy":"product_brand","embeddable":true,"href":"https:\/\/innocentiemangonipiante.it\/fr\/wp-json\/wp\/v2\/product_brand?post=12733"},{"taxonomy":"product_cat","embeddable":true,"href":"https:\/\/innocentiemangonipiante.it\/fr\/wp-json\/wp\/v2\/product_cat?post=12733"},{"taxonomy":"product_tag","embeddable":true,"href":"https:\/\/innocentiemangonipiante.it\/fr\/wp-json\/wp\/v2\/product_tag?post=12733"}],"curies":[{"name":"wp","href":"https:\/\/api.w.org\/{rel}","templated":true}]}}