{"id":12739,"date":"2023-11-04T00:49:27","date_gmt":"2023-11-03T23:49:27","guid":{"rendered":"http:\/\/innocentiemangonipiante.it\/euonymus-japonicus-elegantissimus-aureus\/"},"modified":"2023-11-06T14:40:01","modified_gmt":"2023-11-06T13:40:01","slug":"euonymus-japonicus-elegantissimus-aureus","status":"publish","type":"product","link":"https:\/\/innocentiemangonipiante.it\/fr\/euonymus-japonicus-elegantissimus-aureus\/","title":{"rendered":"EUONYMUS japonicus &lsquo;Elegantissimus Aureus&rsquo;"},"content":{"rendered":"<p>\u201cFusain dor\u00e9\u201d. Arbuste persistant au port tr\u00e8s compact et \u00e9rig\u00e9. Les feuilles sont de couleur vert fonc\u00e9 avec de larges bords jaune d\u2019or.<\/p>\n","protected":false},"excerpt":{"rendered":"<p>\u201cFusain dor\u00e9\u201d. Arbuste persistant au port tr\u00e8s compact et \u00e9rig\u00e9. Les feuilles sont de couleur vert fonc\u00e9 avec de larges bords jaune d\u2019or.<\/p>\n","protected":false},"featured_media":2504,"template":"","meta":{"_acf_changed":false},"product_brand":[],"product_cat":[8817,9230],"product_tag":[10897,6265,8497,6267,6255,6266,6263,8735],"class_list":{"0":"post-12739","1":"product","2":"type-product","3":"status-publish","4":"has-post-thumbnail","6":"product_cat-arbres-et-arbustes-persistants","7":"product_cat-arbres-et-plantes-du-futur","8":"product_tag-naturelle","9":"product_tag-boule","10":"product_tag-cepee-remontee","11":"product_tag-cone","12":"product_tag-demi-tige","13":"product_tag-jardiniere","14":"product_tag-pompons-fr","15":"product_tag-quart-de-tige","16":"pa_altezza-massima-200-fr","17":"pa_altezza-massima-300-fr-2","18":"pa_condizionamento-clt-fr","19":"pa_condizionamento-coupe-fr","20":"pa_condizionamento-vs-fr","21":"pa_famiglia-celastraceae-fr","22":"pa_genere-euonymus-fr","23":"pa_origine-asie-orientale","24":"pa_portamento-eretto-fr","25":"pa_resistenza-climatica-moyenne-elevee","26":"pa_resistenza-del-suolo-resistant-aux-sols-calcaires","27":"pa_resistenza-del-suolo-resistant-aux-sols-secs","28":"pa_salinita-resistance-a-la-salinisation","29":"pa_utilizzo-balcons","30":"pa_utilizzo-haies","31":"pa_utilizzo-petits-jardins","33":"first","34":"instock","35":"purchasable","36":"product-type-simple"},"acf":[],"_links":{"self":[{"href":"https:\/\/innocentiemangonipiante.it\/fr\/wp-json\/wp\/v2\/product\/12739","targetHints":{"allow":["GET"]}}],"collection":[{"href":"https:\/\/innocentiemangonipiante.it\/fr\/wp-json\/wp\/v2\/product"}],"about":[{"href":"https:\/\/innocentiemangonipiante.it\/fr\/wp-json\/wp\/v2\/types\/product"}],"wp:featuredmedia":[{"embeddable":true,"href":"https:\/\/innocentiemangonipiante.it\/fr\/wp-json\/wp\/v2\/media\/2504"}],"wp:attachment":[{"href":"https:\/\/innocentiemangonipiante.it\/fr\/wp-json\/wp\/v2\/media?parent=12739"}],"wp:term":[{"taxonomy":"product_brand","embeddable":true,"href":"https:\/\/innocentiemangonipiante.it\/fr\/wp-json\/wp\/v2\/product_brand?post=12739"},{"taxonomy":"product_cat","embeddable":true,"href":"https:\/\/innocentiemangonipiante.it\/fr\/wp-json\/wp\/v2\/product_cat?post=12739"},{"taxonomy":"product_tag","embeddable":true,"href":"https:\/\/innocentiemangonipiante.it\/fr\/wp-json\/wp\/v2\/product_tag?post=12739"}],"curies":[{"name":"wp","href":"https:\/\/api.w.org\/{rel}","templated":true}]}}