{"id":12740,"date":"2023-11-04T00:48:58","date_gmt":"2023-11-03T23:48:58","guid":{"rendered":"http:\/\/innocentiemangonipiante.it\/euonymus-japonicus-bravo\/"},"modified":"2023-11-06T14:39:30","modified_gmt":"2023-11-06T13:39:30","slug":"euonymus-japonicus-bravo","status":"publish","type":"product","link":"https:\/\/innocentiemangonipiante.it\/fr\/euonymus-japonicus-bravo\/","title":{"rendered":"EUONYMUS japonicus &lsquo;Bravo&rsquo;"},"content":{"rendered":"<p>Arbuste \u00e0 feuillage persistant au port contenu et bien \u00e9rig\u00e9. Les feuilles sont de couleur vert fonc\u00e9 au centre et blanches sur les bords.<\/p>\n","protected":false},"excerpt":{"rendered":"<p>Arbuste \u00e0 feuillage persistant au port contenu et bien \u00e9rig\u00e9. Les feuilles sont de couleur vert fonc\u00e9 au centre et blanches sur les bords.<\/p>\n","protected":false},"featured_media":21971,"template":"","meta":{"_acf_changed":false},"product_brand":[],"product_cat":[8817],"product_tag":[10897,6265,8497,6267,6255,6266,6263,8735],"class_list":{"0":"post-12740","1":"product","2":"type-product","3":"status-publish","4":"has-post-thumbnail","6":"product_cat-arbres-et-arbustes-persistants","7":"product_tag-naturelle","8":"product_tag-boule","9":"product_tag-cepee-remontee","10":"product_tag-cone","11":"product_tag-demi-tige","12":"product_tag-jardiniere","13":"product_tag-pompons-fr","14":"product_tag-quart-de-tige","15":"pa_altezza-massima-200-fr","16":"pa_altezza-massima-300-fr-2","17":"pa_colore-delle-foglie-panachees","18":"pa_condizionamento-clt-fr","19":"pa_condizionamento-coupe-fr","20":"pa_condizionamento-vs-fr","21":"pa_famiglia-celastraceae-fr","22":"pa_genere-euonymus-fr","23":"pa_origine-france-fr","24":"pa_portamento-eretto-fr","25":"pa_resistenza-climatica-moyenne-elevee","26":"pa_resistenza-del-suolo-resistant-aux-sols-secs","27":"pa_salinita-resistance-a-la-salinisation","28":"pa_utilizzo-haies","29":"pa_utilizzo-petits-jardins","31":"first","32":"instock","33":"purchasable","34":"product-type-simple"},"acf":[],"_links":{"self":[{"href":"https:\/\/innocentiemangonipiante.it\/fr\/wp-json\/wp\/v2\/product\/12740","targetHints":{"allow":["GET"]}}],"collection":[{"href":"https:\/\/innocentiemangonipiante.it\/fr\/wp-json\/wp\/v2\/product"}],"about":[{"href":"https:\/\/innocentiemangonipiante.it\/fr\/wp-json\/wp\/v2\/types\/product"}],"wp:featuredmedia":[{"embeddable":true,"href":"https:\/\/innocentiemangonipiante.it\/fr\/wp-json\/wp\/v2\/media\/21971"}],"wp:attachment":[{"href":"https:\/\/innocentiemangonipiante.it\/fr\/wp-json\/wp\/v2\/media?parent=12740"}],"wp:term":[{"taxonomy":"product_brand","embeddable":true,"href":"https:\/\/innocentiemangonipiante.it\/fr\/wp-json\/wp\/v2\/product_brand?post=12740"},{"taxonomy":"product_cat","embeddable":true,"href":"https:\/\/innocentiemangonipiante.it\/fr\/wp-json\/wp\/v2\/product_cat?post=12740"},{"taxonomy":"product_tag","embeddable":true,"href":"https:\/\/innocentiemangonipiante.it\/fr\/wp-json\/wp\/v2\/product_tag?post=12740"}],"curies":[{"name":"wp","href":"https:\/\/api.w.org\/{rel}","templated":true}]}}