{"id":12741,"date":"2023-11-04T00:48:49","date_gmt":"2023-11-03T23:48:49","guid":{"rendered":"http:\/\/innocentiemangonipiante.it\/euonymus-japonicus-benkomasaki\/"},"modified":"2023-11-06T14:39:23","modified_gmt":"2023-11-06T13:39:23","slug":"euonymus-japonicus-benkomasaki","status":"publish","type":"product","link":"https:\/\/innocentiemangonipiante.it\/fr\/euonymus-japonicus-benkomasaki\/","title":{"rendered":"EUONYMUS japonicus &lsquo;Benkomasaki&rsquo;"},"content":{"rendered":"<p>Feuillage persistant, brillant et vert fonc\u00e9. Port fastigi\u00e9 et croissance tr\u00e8s lente.<\/p>\n","protected":false},"excerpt":{"rendered":"<p>Feuillage persistant, brillant et vert fonc\u00e9. Port fastigi\u00e9 et croissance tr\u00e8s lente.<\/p>\n","protected":false},"featured_media":2497,"template":"","meta":{"_acf_changed":false},"product_brand":[],"product_cat":[8817],"product_tag":[10897],"class_list":{"0":"post-12741","1":"product","2":"type-product","3":"status-publish","4":"has-post-thumbnail","6":"product_cat-arbres-et-arbustes-persistants","7":"product_tag-naturelle","8":"pa_altezza-massima-150-fr","9":"pa_altezza-massima-200-fr","10":"pa_condizionamento-clt-fr","11":"pa_condizionamento-vs-fr","12":"pa_famiglia-celastraceae-fr","13":"pa_genere-euonymus-fr","14":"pa_origine-japon","15":"pa_portamento-eretto-fr","16":"pa_resistenza-climatica-tres-elevee","17":"pa_resistenza-del-suolo-resistant-aux-sols-secs","18":"pa_salinita-resistance-a-la-salinisation","19":"pa_utilizzo-balcons","20":"pa_utilizzo-haies","21":"pa_utilizzo-petits-jardins","23":"first","24":"instock","25":"purchasable","26":"product-type-simple"},"acf":[],"_links":{"self":[{"href":"https:\/\/innocentiemangonipiante.it\/fr\/wp-json\/wp\/v2\/product\/12741","targetHints":{"allow":["GET"]}}],"collection":[{"href":"https:\/\/innocentiemangonipiante.it\/fr\/wp-json\/wp\/v2\/product"}],"about":[{"href":"https:\/\/innocentiemangonipiante.it\/fr\/wp-json\/wp\/v2\/types\/product"}],"wp:featuredmedia":[{"embeddable":true,"href":"https:\/\/innocentiemangonipiante.it\/fr\/wp-json\/wp\/v2\/media\/2497"}],"wp:attachment":[{"href":"https:\/\/innocentiemangonipiante.it\/fr\/wp-json\/wp\/v2\/media?parent=12741"}],"wp:term":[{"taxonomy":"product_brand","embeddable":true,"href":"https:\/\/innocentiemangonipiante.it\/fr\/wp-json\/wp\/v2\/product_brand?post=12741"},{"taxonomy":"product_cat","embeddable":true,"href":"https:\/\/innocentiemangonipiante.it\/fr\/wp-json\/wp\/v2\/product_cat?post=12741"},{"taxonomy":"product_tag","embeddable":true,"href":"https:\/\/innocentiemangonipiante.it\/fr\/wp-json\/wp\/v2\/product_tag?post=12741"}],"curies":[{"name":"wp","href":"https:\/\/api.w.org\/{rel}","templated":true}]}}