{"id":12742,"date":"2023-11-04T00:48:40","date_gmt":"2023-11-03T23:48:40","guid":{"rendered":"http:\/\/innocentiemangonipiante.it\/euonymus-japonicus-aureopictus\/"},"modified":"2023-11-06T14:39:15","modified_gmt":"2023-11-06T13:39:15","slug":"euonymus-japonicus-aureopictus","status":"publish","type":"product","link":"https:\/\/innocentiemangonipiante.it\/fr\/euonymus-japonicus-aureopictus\/","title":{"rendered":"EUONYMUS japonicus &lsquo;Aureopictus&rsquo;"},"content":{"rendered":"<p>Arbuste persistant au port \u00e9rig\u00e9. Les feuilles sont de couleur vert fonc\u00e9 et jaune d\u2019or au centre. Les nouvelles ramifications sont de couleur jaune intense.<\/p>\n","protected":false},"excerpt":{"rendered":"<p>Arbuste persistant au port \u00e9rig\u00e9. Les feuilles sont de couleur vert fonc\u00e9 et jaune d\u2019or au centre. Les nouvelles ramifications sont de couleur jaune intense.<\/p>\n","protected":false},"featured_media":2491,"template":"","meta":{"_acf_changed":false},"product_brand":[],"product_cat":[8817],"product_tag":[10897],"class_list":{"0":"post-12742","1":"product","2":"type-product","3":"status-publish","4":"has-post-thumbnail","6":"product_cat-arbres-et-arbustes-persistants","7":"product_tag-naturelle","8":"pa_altezza-massima-200-fr","9":"pa_altezza-massima-300-fr-2","10":"pa_colore-delle-foglie-panachees","11":"pa_condizionamento-clt-fr","12":"pa_condizionamento-vs-fr","13":"pa_famiglia-celastraceae-fr","14":"pa_genere-euonymus-fr","15":"pa_origine-asie-orientale","16":"pa_portamento-eretto-fr","17":"pa_resistenza-climatica-moyenne-elevee","18":"pa_resistenza-del-suolo-resistant-aux-sols-calcaires","19":"pa_resistenza-del-suolo-resistant-aux-sols-secs","20":"pa_salinita-resistance-a-la-salinisation","21":"pa_utilizzo-balcons","22":"pa_utilizzo-haies","23":"pa_utilizzo-petits-jardins","25":"first","26":"instock","27":"purchasable","28":"product-type-simple"},"acf":[],"_links":{"self":[{"href":"https:\/\/innocentiemangonipiante.it\/fr\/wp-json\/wp\/v2\/product\/12742","targetHints":{"allow":["GET"]}}],"collection":[{"href":"https:\/\/innocentiemangonipiante.it\/fr\/wp-json\/wp\/v2\/product"}],"about":[{"href":"https:\/\/innocentiemangonipiante.it\/fr\/wp-json\/wp\/v2\/types\/product"}],"wp:featuredmedia":[{"embeddable":true,"href":"https:\/\/innocentiemangonipiante.it\/fr\/wp-json\/wp\/v2\/media\/2491"}],"wp:attachment":[{"href":"https:\/\/innocentiemangonipiante.it\/fr\/wp-json\/wp\/v2\/media?parent=12742"}],"wp:term":[{"taxonomy":"product_brand","embeddable":true,"href":"https:\/\/innocentiemangonipiante.it\/fr\/wp-json\/wp\/v2\/product_brand?post=12742"},{"taxonomy":"product_cat","embeddable":true,"href":"https:\/\/innocentiemangonipiante.it\/fr\/wp-json\/wp\/v2\/product_cat?post=12742"},{"taxonomy":"product_tag","embeddable":true,"href":"https:\/\/innocentiemangonipiante.it\/fr\/wp-json\/wp\/v2\/product_tag?post=12742"}],"curies":[{"name":"wp","href":"https:\/\/api.w.org\/{rel}","templated":true}]}}