{"id":12743,"date":"2023-11-04T00:48:31","date_gmt":"2023-11-03T23:48:31","guid":{"rendered":"http:\/\/innocentiemangonipiante.it\/euonymus-japonicus\/"},"modified":"2023-11-06T14:39:12","modified_gmt":"2023-11-06T13:39:12","slug":"euonymus-japonicus","status":"publish","type":"product","link":"https:\/\/innocentiemangonipiante.it\/fr\/euonymus-japonicus\/","title":{"rendered":"EUONYMUS japonicus"},"content":{"rendered":"<p>\u201cFusain vert\u201d. Arbuste persistant au port \u00e9rig\u00e9 et feuilles ovo\u00efdes \u00e0 \u00e9troitement ovales, coriaces, luisantes, de couleur vert fonc\u00e9, d\u2019une longueur de 6 cm. Les bords sont \u00e9troitement dentel\u00e9s. Particuli\u00e8rement indiqu\u00e9e comme plante de haie.<\/p>\n","protected":false},"excerpt":{"rendered":"<p>\u201cFusain vert\u201d. Arbuste persistant au port \u00e9rig\u00e9 et feuilles ovo\u00efdes \u00e0 \u00e9troitement ovales, coriaces, luisantes, de couleur vert fonc\u00e9, d\u2019une longueur de 6 cm. Les bords sont \u00e9troitement dentel\u00e9s. Particuli\u00e8rement indiqu\u00e9e comme plante de haie.<\/p>\n","protected":false},"featured_media":2485,"template":"","meta":{"_acf_changed":false},"product_brand":[],"product_cat":[8817,9230],"product_tag":[10897],"class_list":{"0":"post-12743","1":"product","2":"type-product","3":"status-publish","4":"has-post-thumbnail","6":"product_cat-arbres-et-arbustes-persistants","7":"product_cat-arbres-et-plantes-du-futur","8":"product_tag-naturelle","9":"pa_altezza-massima-300-fr-2","10":"pa_altezza-massima-400-fr","11":"pa_condizionamento-clt-fr","12":"pa_condizionamento-vs-fr","13":"pa_famiglia-celastraceae-fr","14":"pa_genere-euonymus-fr","15":"pa_origine-asie-orientale","16":"pa_portamento-eretto-fr","17":"pa_resistenza-climatica-moyenne-elevee","18":"pa_resistenza-del-suolo-resistant-aux-sols-calcaires","19":"pa_resistenza-del-suolo-resistant-aux-sols-secs","20":"pa_salinita-resistance-a-la-salinisation","21":"pa_utilizzo-balcons","22":"pa_utilizzo-haies","23":"pa_utilizzo-petits-jardins","25":"first","26":"instock","27":"purchasable","28":"product-type-simple"},"acf":[],"_links":{"self":[{"href":"https:\/\/innocentiemangonipiante.it\/fr\/wp-json\/wp\/v2\/product\/12743","targetHints":{"allow":["GET"]}}],"collection":[{"href":"https:\/\/innocentiemangonipiante.it\/fr\/wp-json\/wp\/v2\/product"}],"about":[{"href":"https:\/\/innocentiemangonipiante.it\/fr\/wp-json\/wp\/v2\/types\/product"}],"wp:featuredmedia":[{"embeddable":true,"href":"https:\/\/innocentiemangonipiante.it\/fr\/wp-json\/wp\/v2\/media\/2485"}],"wp:attachment":[{"href":"https:\/\/innocentiemangonipiante.it\/fr\/wp-json\/wp\/v2\/media?parent=12743"}],"wp:term":[{"taxonomy":"product_brand","embeddable":true,"href":"https:\/\/innocentiemangonipiante.it\/fr\/wp-json\/wp\/v2\/product_brand?post=12743"},{"taxonomy":"product_cat","embeddable":true,"href":"https:\/\/innocentiemangonipiante.it\/fr\/wp-json\/wp\/v2\/product_cat?post=12743"},{"taxonomy":"product_tag","embeddable":true,"href":"https:\/\/innocentiemangonipiante.it\/fr\/wp-json\/wp\/v2\/product_tag?post=12743"}],"curies":[{"name":"wp","href":"https:\/\/api.w.org\/{rel}","templated":true}]}}