{"id":12746,"date":"2023-11-04T00:47:59","date_gmt":"2023-11-03T23:47:59","guid":{"rendered":"http:\/\/innocentiemangonipiante.it\/euonymus-alatus-compactus\/"},"modified":"2023-11-06T14:38:59","modified_gmt":"2023-11-06T13:38:59","slug":"euonymus-alatus-compactus","status":"publish","type":"product","link":"https:\/\/innocentiemangonipiante.it\/fr\/euonymus-alatus-compactus\/","title":{"rendered":"EUONYMUS alatus &lsquo;Compactus&rsquo;"},"content":{"rendered":"<p>L\u2019\u00e9corce est moins sub\u00e9reuse et moins caract\u00e9ris\u00e9e que dans la vari\u00e9te type. Le port est compact et la croissance lente.<\/p>\n","protected":false},"excerpt":{"rendered":"<p>L\u2019\u00e9corce est moins sub\u00e9reuse et moins caract\u00e9ris\u00e9e que dans la vari\u00e9te type. Le port est compact et la croissance lente.<\/p>\n","protected":false},"featured_media":2467,"template":"","meta":{"_acf_changed":false},"product_brand":[],"product_cat":[8817],"product_tag":[10897,6255],"class_list":{"0":"post-12746","1":"product","2":"type-product","3":"status-publish","4":"has-post-thumbnail","6":"product_cat-arbres-et-arbustes-persistants","7":"product_tag-naturelle","8":"product_tag-demi-tige","9":"pa_altezza-massima-200-fr","10":"pa_altezza-massima-300-fr-2","11":"pa_colore-fioritura-blanc","12":"pa_condizionamento-clt-fr","13":"pa_condizionamento-vs-fr","14":"pa_famiglia-celastraceae-fr","15":"pa_genere-euonymus-fr","16":"pa_origine-origine-delle-piante-u-s-a","17":"pa_periodo-fioritura-avril","18":"pa_periodo-fioritura-mai","19":"pa_portamento-cespuglioso-fr","20":"pa_resistenza-climatica-moyenne-elevee","21":"pa_resistenza-del-suolo-resistant-au-sol-humide","22":"pa_resistenza-del-suolo-resistant-aux-sols-calcaires","23":"pa_resistenza-del-suolo-resistant-aux-sols-secs","24":"pa_salinita-resistance-a-la-salinisation","25":"pa_utilizzo-petits-jardins","27":"first","28":"instock","29":"purchasable","30":"product-type-simple"},"acf":[],"_links":{"self":[{"href":"https:\/\/innocentiemangonipiante.it\/fr\/wp-json\/wp\/v2\/product\/12746","targetHints":{"allow":["GET"]}}],"collection":[{"href":"https:\/\/innocentiemangonipiante.it\/fr\/wp-json\/wp\/v2\/product"}],"about":[{"href":"https:\/\/innocentiemangonipiante.it\/fr\/wp-json\/wp\/v2\/types\/product"}],"wp:featuredmedia":[{"embeddable":true,"href":"https:\/\/innocentiemangonipiante.it\/fr\/wp-json\/wp\/v2\/media\/2467"}],"wp:attachment":[{"href":"https:\/\/innocentiemangonipiante.it\/fr\/wp-json\/wp\/v2\/media?parent=12746"}],"wp:term":[{"taxonomy":"product_brand","embeddable":true,"href":"https:\/\/innocentiemangonipiante.it\/fr\/wp-json\/wp\/v2\/product_brand?post=12746"},{"taxonomy":"product_cat","embeddable":true,"href":"https:\/\/innocentiemangonipiante.it\/fr\/wp-json\/wp\/v2\/product_cat?post=12746"},{"taxonomy":"product_tag","embeddable":true,"href":"https:\/\/innocentiemangonipiante.it\/fr\/wp-json\/wp\/v2\/product_tag?post=12746"}],"curies":[{"name":"wp","href":"https:\/\/api.w.org\/{rel}","templated":true}]}}