{"id":12747,"date":"2023-11-04T00:47:52","date_gmt":"2023-11-03T23:47:52","guid":{"rendered":"http:\/\/innocentiemangonipiante.it\/euonymus-alatus\/"},"modified":"2023-11-06T14:38:55","modified_gmt":"2023-11-06T13:38:55","slug":"euonymus-alatus","status":"publish","type":"product","link":"https:\/\/innocentiemangonipiante.it\/fr\/euonymus-alatus\/","title":{"rendered":"EUONYMUS alatus"},"content":{"rendered":"<p>\u201cFusain Ail\u00e9\u201d. Arbuste \u00e0 feuille caduque au port \u00e9rig\u00e9. Les feuilles ovales et elliptiques, dentel\u00e9es, d\u2019une longueur de 7 cm, sont de couleur vert fonc\u00e9 et en automne, elles prennent une tr\u00e8s belle tonalit\u00e9 rouge brillante. Les branches \u00e0 l\u2019\u00e9corce ayant l\u2019aspect du li\u00e9ge ont des ailes quadrangulaires marqu\u00e9es.<\/p>\n","protected":false},"excerpt":{"rendered":"<p>\u201cFusain Ail\u00e9\u201d. Arbuste \u00e0 feuille caduque au port \u00e9rig\u00e9. Les feuilles ovales et elliptiques, dentel\u00e9es, d\u2019une longueur de 7 cm, sont de couleur vert fonc\u00e9 et en automne, elles prennent une tr\u00e8s belle tonalit\u00e9 rouge brillante. Les branches \u00e0 l\u2019\u00e9corce ayant l\u2019aspect du li\u00e9ge ont des ailes quadrangulaires marqu\u00e9es.<\/p>\n","protected":false},"featured_media":2461,"template":"","meta":{"_acf_changed":false},"product_brand":[],"product_cat":[8817],"product_tag":[10897,8497,6255],"class_list":{"0":"post-12747","1":"product","2":"type-product","3":"status-publish","4":"has-post-thumbnail","6":"product_cat-arbres-et-arbustes-persistants","7":"product_tag-naturelle","8":"product_tag-cepee-remontee","9":"product_tag-demi-tige","10":"pa_altezza-massima-300-fr-2","11":"pa_altezza-massima-400-fr","12":"pa_colore-fioritura-blanc","13":"pa_condizionamento-clt-fr","14":"pa_condizionamento-coupe-fr","15":"pa_condizionamento-vs-fr","16":"pa_famiglia-celastraceae-fr","17":"pa_genere-euonymus-fr","18":"pa_origine-asie-orientale","19":"pa_periodo-fioritura-avril","20":"pa_periodo-fioritura-mai","21":"pa_portamento-eretto-fr","22":"pa_resistenza-climatica-tres-elevee","23":"pa_resistenza-del-suolo-resistant-au-sol-humide","24":"pa_resistenza-del-suolo-resistant-aux-sols-calcaires","25":"pa_resistenza-del-suolo-resistant-aux-sols-secs","26":"pa_salinita-resistance-a-la-salinisation","27":"pa_utilizzo-balcons","28":"pa_utilizzo-petits-jardins","30":"first","31":"instock","32":"purchasable","33":"product-type-simple"},"acf":[],"_links":{"self":[{"href":"https:\/\/innocentiemangonipiante.it\/fr\/wp-json\/wp\/v2\/product\/12747","targetHints":{"allow":["GET"]}}],"collection":[{"href":"https:\/\/innocentiemangonipiante.it\/fr\/wp-json\/wp\/v2\/product"}],"about":[{"href":"https:\/\/innocentiemangonipiante.it\/fr\/wp-json\/wp\/v2\/types\/product"}],"wp:featuredmedia":[{"embeddable":true,"href":"https:\/\/innocentiemangonipiante.it\/fr\/wp-json\/wp\/v2\/media\/2461"}],"wp:attachment":[{"href":"https:\/\/innocentiemangonipiante.it\/fr\/wp-json\/wp\/v2\/media?parent=12747"}],"wp:term":[{"taxonomy":"product_brand","embeddable":true,"href":"https:\/\/innocentiemangonipiante.it\/fr\/wp-json\/wp\/v2\/product_brand?post=12747"},{"taxonomy":"product_cat","embeddable":true,"href":"https:\/\/innocentiemangonipiante.it\/fr\/wp-json\/wp\/v2\/product_cat?post=12747"},{"taxonomy":"product_tag","embeddable":true,"href":"https:\/\/innocentiemangonipiante.it\/fr\/wp-json\/wp\/v2\/product_tag?post=12747"}],"curies":[{"name":"wp","href":"https:\/\/api.w.org\/{rel}","templated":true}]}}