{"id":12749,"date":"2023-11-04T00:51:51","date_gmt":"2023-11-03T23:51:51","guid":{"rendered":"http:\/\/innocentiemangonipiante.it\/exochorda-racemosa-niagara\/"},"modified":"2023-11-06T14:41:14","modified_gmt":"2023-11-06T13:41:14","slug":"exochorda-racemosa-niagara","status":"publish","type":"product","link":"https:\/\/innocentiemangonipiante.it\/fr\/exochorda-racemosa-niagara\/","title":{"rendered":"EXOCHORDA racemosa &lsquo;Niagara&rsquo; \u00ae"},"content":{"rendered":"<p>Arbuste rustic, compact tr\u00e8s florif\u00e8re. Fleur blanc en printemps. Feuillage vert-bleut\u00e9.<\/p>\n","protected":false},"excerpt":{"rendered":"<p>Arbuste rustic, compact tr\u00e8s florif\u00e8re. Fleur blanc en printemps. Feuillage vert-bleut\u00e9.<\/p>\n","protected":false},"featured_media":2553,"template":"","meta":{"_acf_changed":false},"product_brand":[],"product_cat":[8812],"product_tag":[10897],"class_list":{"0":"post-12749","1":"product","2":"type-product","3":"status-publish","4":"has-post-thumbnail","6":"product_cat-arbres-et-arbustes-a-feuilles-caduques","7":"product_tag-naturelle","8":"pa_altezza-massima-100-fr","9":"pa_altezza-massima-150-fr","10":"pa_colore-fioritura-blanc","11":"pa_condizionamento-clt-fr","12":"pa_famiglia-rosaceae-fr","13":"pa_genere-exochorda-fr","14":"pa_origine-france-fr","15":"pa_periodo-fioritura-avril","16":"pa_periodo-fioritura-mai","17":"pa_portamento-arrondi","18":"pa_resistenza-climatica-moyenne-elevee","19":"pa_utilizzo-balcons","20":"pa_utilizzo-petits-jardins","22":"first","23":"instock","24":"purchasable","25":"product-type-simple"},"acf":[],"_links":{"self":[{"href":"https:\/\/innocentiemangonipiante.it\/fr\/wp-json\/wp\/v2\/product\/12749","targetHints":{"allow":["GET"]}}],"collection":[{"href":"https:\/\/innocentiemangonipiante.it\/fr\/wp-json\/wp\/v2\/product"}],"about":[{"href":"https:\/\/innocentiemangonipiante.it\/fr\/wp-json\/wp\/v2\/types\/product"}],"wp:featuredmedia":[{"embeddable":true,"href":"https:\/\/innocentiemangonipiante.it\/fr\/wp-json\/wp\/v2\/media\/2553"}],"wp:attachment":[{"href":"https:\/\/innocentiemangonipiante.it\/fr\/wp-json\/wp\/v2\/media?parent=12749"}],"wp:term":[{"taxonomy":"product_brand","embeddable":true,"href":"https:\/\/innocentiemangonipiante.it\/fr\/wp-json\/wp\/v2\/product_brand?post=12749"},{"taxonomy":"product_cat","embeddable":true,"href":"https:\/\/innocentiemangonipiante.it\/fr\/wp-json\/wp\/v2\/product_cat?post=12749"},{"taxonomy":"product_tag","embeddable":true,"href":"https:\/\/innocentiemangonipiante.it\/fr\/wp-json\/wp\/v2\/product_tag?post=12749"}],"curies":[{"name":"wp","href":"https:\/\/api.w.org\/{rel}","templated":true}]}}