{"id":12751,"date":"2023-11-04T00:53:10","date_gmt":"2023-11-03T23:53:10","guid":{"rendered":"http:\/\/innocentiemangonipiante.it\/fagus-sylvatica-tricolor\/"},"modified":"2023-11-06T14:41:45","modified_gmt":"2023-11-06T13:41:45","slug":"fagus-sylvatica-tricolor","status":"publish","type":"product","link":"https:\/\/innocentiemangonipiante.it\/fr\/fagus-sylvatica-tricolor\/","title":{"rendered":"FAGUS sylvatica &lsquo;Tricolor&rsquo;"},"content":{"rendered":"<p>Arbre \u00e0 feuille caduque au port ample. Les feuilles pourpr\u00e9es ont des bords et des bandes de couleur rose et blanc ros\u00e9. La croissance est lente.<\/p>\n","protected":false},"excerpt":{"rendered":"<p>Arbre \u00e0 feuille caduque au port ample. Les feuilles pourpr\u00e9es ont des bords et des bandes de couleur rose et blanc ros\u00e9. La croissance est lente.<\/p>\n","protected":false},"featured_media":2599,"template":"","meta":{"_acf_changed":false},"product_brand":[],"product_cat":[8812],"product_tag":[10897],"class_list":{"0":"post-12751","1":"product","2":"type-product","3":"status-publish","4":"has-post-thumbnail","6":"product_cat-arbres-et-arbustes-a-feuilles-caduques","7":"product_tag-naturelle","8":"pa_altezza-massima-800-fr","9":"pa_altezza-massima-1000-fr-2","10":"pa_colore-delle-foglie-panachees","11":"pa_condizionamento-clt-fr","12":"pa_condizionamento-motte","13":"pa_famiglia-fagaceae-fr","14":"pa_genere-fagus-fr","15":"pa_inquinamento-resistance-a-la-pollution","16":"pa_origine-france-fr","17":"pa_portamento-eretto-fr","18":"pa_resistenza-climatica-tres-elevee","19":"pa_resistenza-del-suolo-resistant-aux-sols-calcaires","20":"pa_utilizzo-avenues-fr","21":"pa_utilizzo-parcs","23":"first","24":"instock","25":"purchasable","26":"product-type-simple"},"acf":[],"_links":{"self":[{"href":"https:\/\/innocentiemangonipiante.it\/fr\/wp-json\/wp\/v2\/product\/12751","targetHints":{"allow":["GET"]}}],"collection":[{"href":"https:\/\/innocentiemangonipiante.it\/fr\/wp-json\/wp\/v2\/product"}],"about":[{"href":"https:\/\/innocentiemangonipiante.it\/fr\/wp-json\/wp\/v2\/types\/product"}],"wp:featuredmedia":[{"embeddable":true,"href":"https:\/\/innocentiemangonipiante.it\/fr\/wp-json\/wp\/v2\/media\/2599"}],"wp:attachment":[{"href":"https:\/\/innocentiemangonipiante.it\/fr\/wp-json\/wp\/v2\/media?parent=12751"}],"wp:term":[{"taxonomy":"product_brand","embeddable":true,"href":"https:\/\/innocentiemangonipiante.it\/fr\/wp-json\/wp\/v2\/product_brand?post=12751"},{"taxonomy":"product_cat","embeddable":true,"href":"https:\/\/innocentiemangonipiante.it\/fr\/wp-json\/wp\/v2\/product_cat?post=12751"},{"taxonomy":"product_tag","embeddable":true,"href":"https:\/\/innocentiemangonipiante.it\/fr\/wp-json\/wp\/v2\/product_tag?post=12751"}],"curies":[{"name":"wp","href":"https:\/\/api.w.org\/{rel}","templated":true}]}}