{"id":12753,"date":"2023-11-04T00:52:57","date_gmt":"2023-11-03T23:52:57","guid":{"rendered":"http:\/\/innocentiemangonipiante.it\/fagus-sylvatica-purple-fountain\/"},"modified":"2023-11-06T14:41:40","modified_gmt":"2023-11-06T13:41:40","slug":"fagus-sylvatica-purple-fountain","status":"publish","type":"product","link":"https:\/\/innocentiemangonipiante.it\/fr\/fagus-sylvatica-purple-fountain\/","title":{"rendered":"FAGUS sylvatica &lsquo;Purple Fountain&rsquo;"},"content":{"rendered":"<p>Arbre \u00e0 feuilles caduques au r\u00e9tombant. S\u00e9lection d\u00e9rivant du F. Purpurea Pendula. \u00c0 partir de l\u2019axe portant, \u00e9rig\u00e9 de fa\u00e7on irr\u00e9guli\u00e8re, partent des branches et des rameaux recourb\u00e9s qui portent un tr\u00e8s beau feuillage de couleur rouge pourpre.<\/p>\n","protected":false},"excerpt":{"rendered":"<p>Arbre \u00e0 feuilles caduques au r\u00e9tombant. S\u00e9lection d\u00e9rivant du F. Purpurea Pendula. \u00c0 partir de l\u2019axe portant, \u00e9rig\u00e9 de fa\u00e7on irr\u00e9guli\u00e8re, partent des branches et des rameaux recourb\u00e9s qui portent un tr\u00e8s beau feuillage de couleur rouge pourpre.<\/p>\n","protected":false},"featured_media":2587,"template":"","meta":{"_acf_changed":false},"product_brand":[],"product_cat":[8812],"product_tag":[10897],"class_list":{"0":"post-12753","1":"product","2":"type-product","3":"status-publish","4":"has-post-thumbnail","6":"product_cat-arbres-et-arbustes-a-feuilles-caduques","7":"product_tag-naturelle","8":"pa_altezza-massima-800-fr","9":"pa_altezza-massima-1000-fr-2","10":"pa_colore-delle-foglie-rouge","11":"pa_famiglia-fagaceae-fr","12":"pa_genere-fagus-fr","13":"pa_inquinamento-resistance-a-la-pollution","14":"pa_origine-allemagne","15":"pa_portamento-pleureur","16":"pa_resistenza-climatica-tres-elevee","17":"pa_resistenza-del-suolo-resistant-aux-sols-calcaires","18":"pa_utilizzo-avenues-fr","19":"pa_utilizzo-parcs","21":"first","22":"instock","23":"purchasable","24":"product-type-simple"},"acf":[],"_links":{"self":[{"href":"https:\/\/innocentiemangonipiante.it\/fr\/wp-json\/wp\/v2\/product\/12753","targetHints":{"allow":["GET"]}}],"collection":[{"href":"https:\/\/innocentiemangonipiante.it\/fr\/wp-json\/wp\/v2\/product"}],"about":[{"href":"https:\/\/innocentiemangonipiante.it\/fr\/wp-json\/wp\/v2\/types\/product"}],"wp:featuredmedia":[{"embeddable":true,"href":"https:\/\/innocentiemangonipiante.it\/fr\/wp-json\/wp\/v2\/media\/2587"}],"wp:attachment":[{"href":"https:\/\/innocentiemangonipiante.it\/fr\/wp-json\/wp\/v2\/media?parent=12753"}],"wp:term":[{"taxonomy":"product_brand","embeddable":true,"href":"https:\/\/innocentiemangonipiante.it\/fr\/wp-json\/wp\/v2\/product_brand?post=12753"},{"taxonomy":"product_cat","embeddable":true,"href":"https:\/\/innocentiemangonipiante.it\/fr\/wp-json\/wp\/v2\/product_cat?post=12753"},{"taxonomy":"product_tag","embeddable":true,"href":"https:\/\/innocentiemangonipiante.it\/fr\/wp-json\/wp\/v2\/product_tag?post=12753"}],"curies":[{"name":"wp","href":"https:\/\/api.w.org\/{rel}","templated":true}]}}