{"id":12754,"date":"2023-11-04T00:52:50","date_gmt":"2023-11-03T23:52:50","guid":{"rendered":"http:\/\/innocentiemangonipiante.it\/fagus-sylvatica-pendula\/"},"modified":"2023-11-06T14:41:37","modified_gmt":"2023-11-06T13:41:37","slug":"fagus-sylvatica-pendula","status":"publish","type":"product","link":"https:\/\/innocentiemangonipiante.it\/fr\/fagus-sylvatica-pendula\/","title":{"rendered":"FAGUS sylvatica &lsquo;Pendula&rsquo;"},"content":{"rendered":"<p>\u201cH\u00eatre pleureur\u201d. Grand arbre \u00e0 feuilles caduques au port retombant. Les branches principales, presque \u00e9rig\u00e9es \u00e0 l\u2019\u00e9tat jeune, poussent de fa\u00e7on irr\u00e9guli\u00e8re et horizontale \u00e0 maturit\u00e9. De l\u00e0, naissent des rameaux fins et pendants, retombants souvent jusqu\u2019au sol, qui donnent \u00e0 la plante adulte un aspect particuli\u00e8rement attrayant et pittoresque.<\/p>\n","protected":false},"excerpt":{"rendered":"<p>\u201cH\u00eatre pleureur\u201d. Grand arbre \u00e0 feuilles caduques au port retombant. Les branches principales, presque \u00e9rig\u00e9es \u00e0 l\u2019\u00e9tat jeune, poussent de fa\u00e7on irr\u00e9guli\u00e8re et horizontale \u00e0 maturit\u00e9. De l\u00e0, naissent des rameaux fins et pendants, retombants souvent jusqu\u2019au sol, qui donnent \u00e0 la plante adulte un aspect particuli\u00e8rement attrayant et pittoresque.<\/p>\n","protected":false},"featured_media":22046,"template":"","meta":{"_acf_changed":false},"product_brand":[],"product_cat":[8812],"product_tag":[10897],"class_list":{"0":"post-12754","1":"product","2":"type-product","3":"status-publish","4":"has-post-thumbnail","6":"product_cat-arbres-et-arbustes-a-feuilles-caduques","7":"product_tag-naturelle","8":"pa_altezza-massima-15-metres","9":"pa_altezza-massima-25-metres","10":"pa_condizionamento-motte","11":"pa_famiglia-fagaceae-fr","12":"pa_genere-fagus-fr","13":"pa_inquinamento-resistance-a-la-pollution","14":"pa_origine-europe-fr","15":"pa_portamento-pleureur","16":"pa_resistenza-climatica-tres-elevee","17":"pa_resistenza-del-suolo-resistant-aux-sols-calcaires","18":"pa_utilizzo-parcs","20":"first","21":"instock","22":"purchasable","23":"product-type-simple"},"acf":[],"_links":{"self":[{"href":"https:\/\/innocentiemangonipiante.it\/fr\/wp-json\/wp\/v2\/product\/12754","targetHints":{"allow":["GET"]}}],"collection":[{"href":"https:\/\/innocentiemangonipiante.it\/fr\/wp-json\/wp\/v2\/product"}],"about":[{"href":"https:\/\/innocentiemangonipiante.it\/fr\/wp-json\/wp\/v2\/types\/product"}],"wp:featuredmedia":[{"embeddable":true,"href":"https:\/\/innocentiemangonipiante.it\/fr\/wp-json\/wp\/v2\/media\/22046"}],"wp:attachment":[{"href":"https:\/\/innocentiemangonipiante.it\/fr\/wp-json\/wp\/v2\/media?parent=12754"}],"wp:term":[{"taxonomy":"product_brand","embeddable":true,"href":"https:\/\/innocentiemangonipiante.it\/fr\/wp-json\/wp\/v2\/product_brand?post=12754"},{"taxonomy":"product_cat","embeddable":true,"href":"https:\/\/innocentiemangonipiante.it\/fr\/wp-json\/wp\/v2\/product_cat?post=12754"},{"taxonomy":"product_tag","embeddable":true,"href":"https:\/\/innocentiemangonipiante.it\/fr\/wp-json\/wp\/v2\/product_tag?post=12754"}],"curies":[{"name":"wp","href":"https:\/\/api.w.org\/{rel}","templated":true}]}}