{"id":12758,"date":"2023-11-04T00:52:20","date_gmt":"2023-11-03T23:52:20","guid":{"rendered":"http:\/\/innocentiemangonipiante.it\/fagus-sylvatica-atropurpurea\/"},"modified":"2023-11-06T14:41:26","modified_gmt":"2023-11-06T13:41:26","slug":"fagus-sylvatica-atropurpurea","status":"publish","type":"product","link":"https:\/\/innocentiemangonipiante.it\/fr\/fagus-sylvatica-atropurpurea\/","title":{"rendered":"FAGUS sylvatica &lsquo;Atropurpurea&rsquo;"},"content":{"rendered":"<p>Feuillage pourpre fonc\u00e9 qui vire \u00e0 la couleur cuivre \u00e0 l\u2019automne.<\/p>\n","protected":false},"excerpt":{"rendered":"<p>Feuillage pourpre fonc\u00e9 qui vire \u00e0 la couleur cuivre \u00e0 l\u2019automne.<\/p>\n","protected":false},"featured_media":2577,"template":"","meta":{"_acf_changed":false},"product_brand":[],"product_cat":[8812],"product_tag":[10897,8452,10900,8400],"class_list":{"0":"post-12758","1":"product","2":"type-product","3":"status-publish","4":"has-post-thumbnail","6":"product_cat-arbres-et-arbustes-a-feuilles-caduques","7":"product_tag-naturelle","8":"product_tag-arche","9":"product_tag-tbb-fr-2","10":"product_tag-tige","11":"pa_altezza-massima-20-metres","12":"pa_altezza-massima-25-metres","13":"pa_colore-delle-foglie-rouge","14":"pa_condizionamento-clt-fr","15":"pa_condizionamento-motte","16":"pa_famiglia-fagaceae-fr","17":"pa_genere-fagus-fr","18":"pa_inquinamento-resistance-a-la-pollution","19":"pa_origine-europe-centrale","20":"pa_portamento-arrondi","21":"pa_resistenza-climatica-tres-elevee","22":"pa_resistenza-del-suolo-resistant-aux-sols-calcaires","23":"pa_utilizzo-avenues-fr","24":"pa_utilizzo-parcs","26":"first","27":"instock","28":"purchasable","29":"product-type-simple"},"acf":[],"_links":{"self":[{"href":"https:\/\/innocentiemangonipiante.it\/fr\/wp-json\/wp\/v2\/product\/12758","targetHints":{"allow":["GET"]}}],"collection":[{"href":"https:\/\/innocentiemangonipiante.it\/fr\/wp-json\/wp\/v2\/product"}],"about":[{"href":"https:\/\/innocentiemangonipiante.it\/fr\/wp-json\/wp\/v2\/types\/product"}],"wp:featuredmedia":[{"embeddable":true,"href":"https:\/\/innocentiemangonipiante.it\/fr\/wp-json\/wp\/v2\/media\/2577"}],"wp:attachment":[{"href":"https:\/\/innocentiemangonipiante.it\/fr\/wp-json\/wp\/v2\/media?parent=12758"}],"wp:term":[{"taxonomy":"product_brand","embeddable":true,"href":"https:\/\/innocentiemangonipiante.it\/fr\/wp-json\/wp\/v2\/product_brand?post=12758"},{"taxonomy":"product_cat","embeddable":true,"href":"https:\/\/innocentiemangonipiante.it\/fr\/wp-json\/wp\/v2\/product_cat?post=12758"},{"taxonomy":"product_tag","embeddable":true,"href":"https:\/\/innocentiemangonipiante.it\/fr\/wp-json\/wp\/v2\/product_tag?post=12758"}],"curies":[{"name":"wp","href":"https:\/\/api.w.org\/{rel}","templated":true}]}}