{"id":12760,"date":"2023-11-04T00:52:05","date_gmt":"2023-11-03T23:52:05","guid":{"rendered":"http:\/\/innocentiemangonipiante.it\/fagus-sylvatica\/"},"modified":"2023-11-06T14:41:19","modified_gmt":"2023-11-06T13:41:19","slug":"fagus-sylvatica","status":"publish","type":"product","link":"https:\/\/innocentiemangonipiante.it\/fr\/fagus-sylvatica\/","title":{"rendered":"FAGUS sylvatica"},"content":{"rendered":"<p>\u201cH\u00eatre commun\u201d. Grand arbre \u00e0 feuilles caduques au port ample. Les feuilles elliptiques et ov\u00e9es, aux bords ondul\u00e9s, d\u2019une longueur de 10 cm, sont de couleur de verte \u00e0 marron en automne. L\u2019\u00e9corce est lisse et argent\u00e9e. Il supporte tr\u00e8s bien les sols plus pauvres ou riches en calcaire.<\/p>\n","protected":false},"excerpt":{"rendered":"<p>\u201cH\u00eatre commun\u201d. Grand arbre \u00e0 feuilles caduques au port ample. Les feuilles elliptiques et ov\u00e9es, aux bords ondul\u00e9s, d\u2019une longueur de 10 cm, sont de couleur de verte \u00e0 marron en automne. L\u2019\u00e9corce est lisse et argent\u00e9e. Il supporte tr\u00e8s bien les sols plus pauvres ou riches en calcaire.<\/p>\n","protected":false},"featured_media":2565,"template":"","meta":{"_acf_changed":false},"product_brand":[],"product_cat":[8812],"product_tag":[10897,10900,8400],"class_list":{"0":"post-12760","1":"product","2":"type-product","3":"status-publish","4":"has-post-thumbnail","6":"product_cat-arbres-et-arbustes-a-feuilles-caduques","7":"product_tag-naturelle","8":"product_tag-tbb-fr-2","9":"product_tag-tige","10":"pa_altezza-massima-20-metres","11":"pa_altezza-massima-30-metres","12":"pa_condizionamento-clt-fr","13":"pa_condizionamento-motte","14":"pa_famiglia-fagaceae-fr","15":"pa_genere-fagus-fr","16":"pa_inquinamento-resistance-a-la-pollution","17":"pa_origine-europe-centrale","18":"pa_portamento-piramidale-fr","19":"pa_resistenza-climatica-tres-elevee","20":"pa_resistenza-del-suolo-resistant-aux-sols-calcaires","21":"pa_utilizzo-avenues-fr","22":"pa_utilizzo-parcs","24":"first","25":"instock","26":"purchasable","27":"product-type-simple"},"acf":[],"_links":{"self":[{"href":"https:\/\/innocentiemangonipiante.it\/fr\/wp-json\/wp\/v2\/product\/12760","targetHints":{"allow":["GET"]}}],"collection":[{"href":"https:\/\/innocentiemangonipiante.it\/fr\/wp-json\/wp\/v2\/product"}],"about":[{"href":"https:\/\/innocentiemangonipiante.it\/fr\/wp-json\/wp\/v2\/types\/product"}],"wp:featuredmedia":[{"embeddable":true,"href":"https:\/\/innocentiemangonipiante.it\/fr\/wp-json\/wp\/v2\/media\/2565"}],"wp:attachment":[{"href":"https:\/\/innocentiemangonipiante.it\/fr\/wp-json\/wp\/v2\/media?parent=12760"}],"wp:term":[{"taxonomy":"product_brand","embeddable":true,"href":"https:\/\/innocentiemangonipiante.it\/fr\/wp-json\/wp\/v2\/product_brand?post=12760"},{"taxonomy":"product_cat","embeddable":true,"href":"https:\/\/innocentiemangonipiante.it\/fr\/wp-json\/wp\/v2\/product_cat?post=12760"},{"taxonomy":"product_tag","embeddable":true,"href":"https:\/\/innocentiemangonipiante.it\/fr\/wp-json\/wp\/v2\/product_tag?post=12760"}],"curies":[{"name":"wp","href":"https:\/\/api.w.org\/{rel}","templated":true}]}}