{"id":12761,"date":"2023-11-04T00:53:49","date_gmt":"2023-11-03T23:53:49","guid":{"rendered":"http:\/\/innocentiemangonipiante.it\/fatsia-japonica-spiders-web\/"},"modified":"2023-11-06T14:42:34","modified_gmt":"2023-11-06T13:42:34","slug":"fatsia-japonica-spiders-web","status":"publish","type":"product","link":"https:\/\/innocentiemangonipiante.it\/fr\/fatsia-japonica-spiders-web\/","title":{"rendered":"FATSIA japonica &lsquo;Spider&rsquo;s Web&rsquo;"},"content":{"rendered":"<p>Arbuste buissonnant caract\u00e9ris\u00e9 par des feuilles vert fonc\u00e9 fortement parsem\u00e9es de points blancs, en particulier sur les bords mais les stries blanches peuvent parfois se diffuser sur toute la feuille. En automne, il produit des fleurs blanches en grappes suivies de l\u2019apparition de baies noires.<\/p>\n","protected":false},"excerpt":{"rendered":"<p>Arbuste buissonnant caract\u00e9ris\u00e9 par des feuilles vert fonc\u00e9 fortement parsem\u00e9es de points blancs, en particulier sur les bords mais les stries blanches peuvent parfois se diffuser sur toute la feuille. En automne, il produit des fleurs blanches en grappes suivies de l\u2019apparition de baies noires.<\/p>\n","protected":false},"featured_media":2611,"template":"","meta":{"_acf_changed":false},"product_brand":[],"product_cat":[8817],"product_tag":[10897],"class_list":{"0":"post-12761","1":"product","2":"type-product","3":"status-publish","4":"has-post-thumbnail","6":"product_cat-arbres-et-arbustes-persistants","7":"product_tag-naturelle","8":"pa_altezza-massima-200-fr","9":"pa_altezza-massima-250-fr","10":"pa_colore-delle-foglie-panachees","11":"pa_colore-fioritura-blanc","12":"pa_condizionamento-clt-fr","13":"pa_condizionamento-vs-fr","14":"pa_famiglia-araliaceae-fr","15":"pa_genere-fatsia-fr","16":"pa_origine-japon","17":"pa_periodo-fioritura-novembre-fr","18":"pa_periodo-fioritura-octobre","19":"pa_periodo-fruttificazione-janvier","20":"pa_portamento-cespuglioso-fr","21":"pa_resistenza-climatica-moyenne-elevee","22":"pa_utilizzo-balcons","23":"pa_utilizzo-petits-jardins","25":"first","26":"instock","27":"purchasable","28":"product-type-simple"},"acf":[],"_links":{"self":[{"href":"https:\/\/innocentiemangonipiante.it\/fr\/wp-json\/wp\/v2\/product\/12761","targetHints":{"allow":["GET"]}}],"collection":[{"href":"https:\/\/innocentiemangonipiante.it\/fr\/wp-json\/wp\/v2\/product"}],"about":[{"href":"https:\/\/innocentiemangonipiante.it\/fr\/wp-json\/wp\/v2\/types\/product"}],"wp:featuredmedia":[{"embeddable":true,"href":"https:\/\/innocentiemangonipiante.it\/fr\/wp-json\/wp\/v2\/media\/2611"}],"wp:attachment":[{"href":"https:\/\/innocentiemangonipiante.it\/fr\/wp-json\/wp\/v2\/media?parent=12761"}],"wp:term":[{"taxonomy":"product_brand","embeddable":true,"href":"https:\/\/innocentiemangonipiante.it\/fr\/wp-json\/wp\/v2\/product_brand?post=12761"},{"taxonomy":"product_cat","embeddable":true,"href":"https:\/\/innocentiemangonipiante.it\/fr\/wp-json\/wp\/v2\/product_cat?post=12761"},{"taxonomy":"product_tag","embeddable":true,"href":"https:\/\/innocentiemangonipiante.it\/fr\/wp-json\/wp\/v2\/product_tag?post=12761"}],"curies":[{"name":"wp","href":"https:\/\/api.w.org\/{rel}","templated":true}]}}