{"id":12762,"date":"2023-11-04T00:53:34","date_gmt":"2023-11-03T23:53:34","guid":{"rendered":"http:\/\/innocentiemangonipiante.it\/fatsia-japonica\/"},"modified":"2023-11-06T14:41:52","modified_gmt":"2023-11-06T13:41:52","slug":"fatsia-japonica","status":"publish","type":"product","link":"https:\/\/innocentiemangonipiante.it\/fr\/fatsia-japonica\/","title":{"rendered":"FATSIA japonica"},"content":{"rendered":"<p>Arbuste persistant au port ample, arrondi grandes feuilles ayant 7-11 lobes, dentel\u00e9es, de couleur vert fonc\u00e9 de 15-40 cm, port\u00e9es sur des tiges arqu\u00e9es de couleur jaune-vert clair. En automne, il donne des fleurs de couleur blanche suivies de fruits noirs sph\u00e9riques.<\/p>\n","protected":false},"excerpt":{"rendered":"<p>Arbuste persistant au port ample, arrondi grandes feuilles ayant 7-11 lobes, dentel\u00e9es, de couleur vert fonc\u00e9 de 15-40 cm, port\u00e9es sur des tiges arqu\u00e9es de couleur jaune-vert clair. En automne, il donne des fleurs de couleur blanche suivies de fruits noirs sph\u00e9riques.<\/p>\n","protected":false},"featured_media":2605,"template":"","meta":{"_acf_changed":false},"product_brand":[],"product_cat":[8817],"product_tag":[10897],"class_list":{"0":"post-12762","1":"product","2":"type-product","3":"status-publish","4":"has-post-thumbnail","6":"product_cat-arbres-et-arbustes-persistants","7":"product_tag-naturelle","8":"pa_altezza-massima-300-fr-2","9":"pa_altezza-massima-400-fr","10":"pa_colore-fioritura-blanc","11":"pa_condizionamento-clt-fr","12":"pa_condizionamento-vs-fr","13":"pa_famiglia-araliaceae-fr","14":"pa_genere-fatsia-fr","15":"pa_origine-asie-orientale","16":"pa_periodo-fioritura-novembre-fr","17":"pa_periodo-fioritura-octobre","18":"pa_portamento-arrondi","19":"pa_resistenza-climatica-moyenne-elevee","20":"pa_utilizzo-parcs","21":"pa_utilizzo-petits-jardins","23":"first","24":"instock","25":"purchasable","26":"product-type-simple"},"acf":[],"_links":{"self":[{"href":"https:\/\/innocentiemangonipiante.it\/fr\/wp-json\/wp\/v2\/product\/12762","targetHints":{"allow":["GET"]}}],"collection":[{"href":"https:\/\/innocentiemangonipiante.it\/fr\/wp-json\/wp\/v2\/product"}],"about":[{"href":"https:\/\/innocentiemangonipiante.it\/fr\/wp-json\/wp\/v2\/types\/product"}],"wp:featuredmedia":[{"embeddable":true,"href":"https:\/\/innocentiemangonipiante.it\/fr\/wp-json\/wp\/v2\/media\/2605"}],"wp:attachment":[{"href":"https:\/\/innocentiemangonipiante.it\/fr\/wp-json\/wp\/v2\/media?parent=12762"}],"wp:term":[{"taxonomy":"product_brand","embeddable":true,"href":"https:\/\/innocentiemangonipiante.it\/fr\/wp-json\/wp\/v2\/product_brand?post=12762"},{"taxonomy":"product_cat","embeddable":true,"href":"https:\/\/innocentiemangonipiante.it\/fr\/wp-json\/wp\/v2\/product_cat?post=12762"},{"taxonomy":"product_tag","embeddable":true,"href":"https:\/\/innocentiemangonipiante.it\/fr\/wp-json\/wp\/v2\/product_tag?post=12762"}],"curies":[{"name":"wp","href":"https:\/\/api.w.org\/{rel}","templated":true}]}}