{"id":12768,"date":"2023-11-04T00:54:04","date_gmt":"2023-11-03T23:54:04","guid":{"rendered":"http:\/\/innocentiemangonipiante.it\/feijoa-sellowiana\/"},"modified":"2023-11-06T14:42:42","modified_gmt":"2023-11-06T13:42:42","slug":"feijoa-sellowiana","status":"publish","type":"product","link":"https:\/\/innocentiemangonipiante.it\/fr\/feijoa-sellowiana\/","title":{"rendered":"FEIJOA sellowiana"},"content":{"rendered":"<p>Arbuste persistant aux feuilles elliptiques et oblongues, de couleur grisvert, de 5 \u00e0 7 cm, argent\u00e9es et laineuses sur la face inf\u00e9rieure. A la moiti\u00e9 de l\u2019\u00e9t\u00e9, il donne des fleurs de 3 \u00e0 4 cm de largeur avec de longues \u00e9tamines rouges et des p\u00e9tales rouge pourpre, blanc ros\u00e9 sur les bords et sur la face inf\u00e9rieure, fruits comestible en octobre-novembre.<\/p>\n","protected":false},"excerpt":{"rendered":"<p>Arbuste persistant aux feuilles elliptiques et oblongues, de couleur grisvert, de 5 \u00e0 7 cm, argent\u00e9es et laineuses sur la face inf\u00e9rieure. A la moiti\u00e9 de l\u2019\u00e9t\u00e9, il donne des fleurs de 3 \u00e0 4 cm de largeur avec de longues \u00e9tamines rouges et des p\u00e9tales rouge pourpre, blanc ros\u00e9 sur les bords et sur [&hellip;]<\/p>\n","protected":false},"featured_media":2617,"template":"","meta":{"_acf_changed":false},"product_brand":[],"product_cat":[8817,9230],"product_tag":[10897],"class_list":{"0":"post-12768","1":"product","2":"type-product","3":"status-publish","4":"has-post-thumbnail","6":"product_cat-arbres-et-arbustes-persistants","7":"product_cat-arbres-et-plantes-du-futur","8":"product_tag-naturelle","9":"pa_altezza-massima-300-fr-2","10":"pa_altezza-massima-400-fr","11":"pa_colore-delle-foglie-grises","12":"pa_colore-fioritura-rouge","13":"pa_famiglia-myrtaceae-fr","14":"pa_genere-feijoa-fr","15":"pa_origine-bresil","16":"pa_periodo-fioritura-aout","17":"pa_periodo-fioritura-juillet","18":"pa_portamento-cespuglioso-fr","19":"pa_resistenza-climatica-moyenne","20":"pa_resistenza-del-suolo-resistant-aux-sols-secs","21":"pa_salinita-resistance-a-la-salinisation","22":"pa_utilizzo-parcs","23":"pa_utilizzo-petits-jardins","25":"first","26":"instock","27":"purchasable","28":"product-type-simple"},"acf":[],"_links":{"self":[{"href":"https:\/\/innocentiemangonipiante.it\/fr\/wp-json\/wp\/v2\/product\/12768","targetHints":{"allow":["GET"]}}],"collection":[{"href":"https:\/\/innocentiemangonipiante.it\/fr\/wp-json\/wp\/v2\/product"}],"about":[{"href":"https:\/\/innocentiemangonipiante.it\/fr\/wp-json\/wp\/v2\/types\/product"}],"wp:featuredmedia":[{"embeddable":true,"href":"https:\/\/innocentiemangonipiante.it\/fr\/wp-json\/wp\/v2\/media\/2617"}],"wp:attachment":[{"href":"https:\/\/innocentiemangonipiante.it\/fr\/wp-json\/wp\/v2\/media?parent=12768"}],"wp:term":[{"taxonomy":"product_brand","embeddable":true,"href":"https:\/\/innocentiemangonipiante.it\/fr\/wp-json\/wp\/v2\/product_brand?post=12768"},{"taxonomy":"product_cat","embeddable":true,"href":"https:\/\/innocentiemangonipiante.it\/fr\/wp-json\/wp\/v2\/product_cat?post=12768"},{"taxonomy":"product_tag","embeddable":true,"href":"https:\/\/innocentiemangonipiante.it\/fr\/wp-json\/wp\/v2\/product_tag?post=12768"}],"curies":[{"name":"wp","href":"https:\/\/api.w.org\/{rel}","templated":true}]}}