{"id":12769,"date":"2023-11-04T00:54:58","date_gmt":"2023-11-03T23:54:58","guid":{"rendered":"http:\/\/innocentiemangonipiante.it\/ficus-repens\/"},"modified":"2023-11-06T14:43:01","modified_gmt":"2023-11-06T13:43:01","slug":"ficus-repens","status":"publish","type":"product","link":"https:\/\/innocentiemangonipiante.it\/fr\/ficus-repens\/","title":{"rendered":"FICUS repens"},"content":{"rendered":"<p>Plante grimpant originaire de l\u2019Asie orientale et de l\u2019Australie avec feuilles cord\u00e9es vert fonc\u00e9 d\u00e9veloppe des nombreuses racines a\u00e9riennes qui lui permettent d\u2019adrer \u00e0 la surface sur laquelle est fix\u00e9e. Grace \u00e0 \u00e7a elle peut \u00eatre utilis\u00e9e comme une plante de couverture dans les jardins, m\u00eame \u00e0 l\u2019int\u00e9rieur.<\/p>\n","protected":false},"excerpt":{"rendered":"<p>Plante grimpant originaire de l\u2019Asie orientale et de l\u2019Australie avec feuilles cord\u00e9es vert fonc\u00e9 d\u00e9veloppe des nombreuses racines a\u00e9riennes qui lui permettent d\u2019adrer \u00e0 la surface sur laquelle est fix\u00e9e. Grace \u00e0 \u00e7a elle peut \u00eatre utilis\u00e9e comme une plante de couverture dans les jardins, m\u00eame \u00e0 l\u2019int\u00e9rieur.<\/p>\n","protected":false},"featured_media":2653,"template":"","meta":{"_acf_changed":false},"product_brand":[],"product_cat":[8817],"product_tag":[10897],"class_list":{"0":"post-12769","1":"product","2":"type-product","3":"status-publish","4":"has-post-thumbnail","6":"product_cat-arbres-et-arbustes-persistants","7":"product_tag-naturelle","8":"pa_altezza-massima-300-fr-2","9":"pa_altezza-massima-400-fr","10":"pa_condizionamento-clt-fr","11":"pa_famiglia-moraceae-fr","12":"pa_genere-ficus-fr","13":"pa_origine-asie-orientale","14":"pa_portamento-liane","15":"pa_resistenza-climatica-moyenne-elevee","16":"pa_utilizzo-balcons","17":"pa_utilizzo-petits-jardins","19":"first","20":"instock","21":"purchasable","22":"product-type-simple"},"acf":[],"_links":{"self":[{"href":"https:\/\/innocentiemangonipiante.it\/fr\/wp-json\/wp\/v2\/product\/12769","targetHints":{"allow":["GET"]}}],"collection":[{"href":"https:\/\/innocentiemangonipiante.it\/fr\/wp-json\/wp\/v2\/product"}],"about":[{"href":"https:\/\/innocentiemangonipiante.it\/fr\/wp-json\/wp\/v2\/types\/product"}],"wp:featuredmedia":[{"embeddable":true,"href":"https:\/\/innocentiemangonipiante.it\/fr\/wp-json\/wp\/v2\/media\/2653"}],"wp:attachment":[{"href":"https:\/\/innocentiemangonipiante.it\/fr\/wp-json\/wp\/v2\/media?parent=12769"}],"wp:term":[{"taxonomy":"product_brand","embeddable":true,"href":"https:\/\/innocentiemangonipiante.it\/fr\/wp-json\/wp\/v2\/product_brand?post=12769"},{"taxonomy":"product_cat","embeddable":true,"href":"https:\/\/innocentiemangonipiante.it\/fr\/wp-json\/wp\/v2\/product_cat?post=12769"},{"taxonomy":"product_tag","embeddable":true,"href":"https:\/\/innocentiemangonipiante.it\/fr\/wp-json\/wp\/v2\/product_tag?post=12769"}],"curies":[{"name":"wp","href":"https:\/\/api.w.org\/{rel}","templated":true}]}}