{"id":12770,"date":"2023-11-04T00:58:24","date_gmt":"2023-11-03T23:58:24","guid":{"rendered":"http:\/\/innocentiemangonipiante.it\/forsythia-x-intermedia-week-end\/"},"modified":"2023-11-06T14:44:24","modified_gmt":"2023-11-06T13:44:24","slug":"forsythia-x-intermedia-week-end","status":"publish","type":"product","link":"https:\/\/innocentiemangonipiante.it\/fr\/forsythia-x-intermedia-week-end\/","title":{"rendered":"FORSYTHIA x intermedia &lsquo;Week End&rsquo; \u00ae"},"content":{"rendered":"<p>V\u00e9g\u00e9tation tr\u00e8s touffue et ramifi\u00e9e.<\/p>\n","protected":false},"excerpt":{"rendered":"<p>V\u00e9g\u00e9tation tr\u00e8s touffue et ramifi\u00e9e.<\/p>\n","protected":false},"featured_media":2684,"template":"","meta":{"_acf_changed":false},"product_brand":[],"product_cat":[8812],"product_tag":[10897,6255],"class_list":{"0":"post-12770","1":"product","2":"type-product","3":"status-publish","4":"has-post-thumbnail","6":"product_cat-arbres-et-arbustes-a-feuilles-caduques","7":"product_tag-naturelle","8":"product_tag-demi-tige","9":"pa_altezza-massima-200-fr","10":"pa_altezza-massima-250-fr","11":"pa_colore-fioritura-jaune","12":"pa_condizionamento-clt-fr","13":"pa_famiglia-oleaceae-fr","14":"pa_genere-forsythia-fr","15":"pa_inquinamento-resistance-a-la-pollution","16":"pa_origine-europe-fr","17":"pa_periodo-fioritura-avril","18":"pa_periodo-fioritura-mars","19":"pa_portamento-arrondi","20":"pa_resistenza-climatica-moyenne-elevee","21":"pa_resistenza-del-suolo-resistant-aux-sols-calcaires","22":"pa_utilizzo-parcs","23":"pa_utilizzo-petits-jardins","25":"first","26":"instock","27":"purchasable","28":"product-type-simple"},"acf":[],"_links":{"self":[{"href":"https:\/\/innocentiemangonipiante.it\/fr\/wp-json\/wp\/v2\/product\/12770","targetHints":{"allow":["GET"]}}],"collection":[{"href":"https:\/\/innocentiemangonipiante.it\/fr\/wp-json\/wp\/v2\/product"}],"about":[{"href":"https:\/\/innocentiemangonipiante.it\/fr\/wp-json\/wp\/v2\/types\/product"}],"wp:featuredmedia":[{"embeddable":true,"href":"https:\/\/innocentiemangonipiante.it\/fr\/wp-json\/wp\/v2\/media\/2684"}],"wp:attachment":[{"href":"https:\/\/innocentiemangonipiante.it\/fr\/wp-json\/wp\/v2\/media?parent=12770"}],"wp:term":[{"taxonomy":"product_brand","embeddable":true,"href":"https:\/\/innocentiemangonipiante.it\/fr\/wp-json\/wp\/v2\/product_brand?post=12770"},{"taxonomy":"product_cat","embeddable":true,"href":"https:\/\/innocentiemangonipiante.it\/fr\/wp-json\/wp\/v2\/product_cat?post=12770"},{"taxonomy":"product_tag","embeddable":true,"href":"https:\/\/innocentiemangonipiante.it\/fr\/wp-json\/wp\/v2\/product_tag?post=12770"}],"curies":[{"name":"wp","href":"https:\/\/api.w.org\/{rel}","templated":true}]}}