{"id":12771,"date":"2023-11-04T00:58:18","date_gmt":"2023-11-03T23:58:18","guid":{"rendered":"http:\/\/innocentiemangonipiante.it\/forsythia-x-intermedia-spring-glory\/"},"modified":"2023-11-06T14:44:22","modified_gmt":"2023-11-06T13:44:22","slug":"forsythia-x-intermedia-spring-glory","status":"publish","type":"product","link":"https:\/\/innocentiemangonipiante.it\/fr\/forsythia-x-intermedia-spring-glory\/","title":{"rendered":"FORSYTHIA x intermedia &lsquo;Spring Glory&rsquo;"},"content":{"rendered":"<p>Arbuste vigoreux, \u00e9rig\u00e9, floraison pr\u00e9coce en F\u00e9vrier\/Mars.<\/p>\n","protected":false},"excerpt":{"rendered":"<p>Arbuste vigoreux, \u00e9rig\u00e9, floraison pr\u00e9coce en F\u00e9vrier\/Mars.<\/p>\n","protected":false},"featured_media":2678,"template":"","meta":{"_acf_changed":false},"product_brand":[],"product_cat":[8812],"product_tag":[10897],"class_list":{"0":"post-12771","1":"product","2":"type-product","3":"status-publish","4":"has-post-thumbnail","6":"product_cat-arbres-et-arbustes-a-feuilles-caduques","7":"product_tag-naturelle","8":"pa_altezza-massima-200-fr","9":"pa_altezza-massima-400-fr","10":"pa_colore-fioritura-jaune","11":"pa_condizionamento-clt-fr","12":"pa_famiglia-oleaceae-fr","13":"pa_genere-forsythia-fr","14":"pa_inquinamento-resistance-a-la-pollution","15":"pa_origine-europe-fr","16":"pa_periodo-fioritura-fevrier","17":"pa_periodo-fioritura-mars","18":"pa_portamento-eretto-fr","19":"pa_resistenza-climatica-moyenne-elevee","20":"pa_resistenza-del-suolo-resistant-aux-sols-calcaires","21":"pa_utilizzo-parcs","22":"pa_utilizzo-petits-jardins","24":"first","25":"instock","26":"purchasable","27":"product-type-simple"},"acf":[],"_links":{"self":[{"href":"https:\/\/innocentiemangonipiante.it\/fr\/wp-json\/wp\/v2\/product\/12771","targetHints":{"allow":["GET"]}}],"collection":[{"href":"https:\/\/innocentiemangonipiante.it\/fr\/wp-json\/wp\/v2\/product"}],"about":[{"href":"https:\/\/innocentiemangonipiante.it\/fr\/wp-json\/wp\/v2\/types\/product"}],"wp:featuredmedia":[{"embeddable":true,"href":"https:\/\/innocentiemangonipiante.it\/fr\/wp-json\/wp\/v2\/media\/2678"}],"wp:attachment":[{"href":"https:\/\/innocentiemangonipiante.it\/fr\/wp-json\/wp\/v2\/media?parent=12771"}],"wp:term":[{"taxonomy":"product_brand","embeddable":true,"href":"https:\/\/innocentiemangonipiante.it\/fr\/wp-json\/wp\/v2\/product_brand?post=12771"},{"taxonomy":"product_cat","embeddable":true,"href":"https:\/\/innocentiemangonipiante.it\/fr\/wp-json\/wp\/v2\/product_cat?post=12771"},{"taxonomy":"product_tag","embeddable":true,"href":"https:\/\/innocentiemangonipiante.it\/fr\/wp-json\/wp\/v2\/product_tag?post=12771"}],"curies":[{"name":"wp","href":"https:\/\/api.w.org\/{rel}","templated":true}]}}