{"id":12772,"date":"2023-11-04T00:58:04","date_gmt":"2023-11-03T23:58:04","guid":{"rendered":"http:\/\/innocentiemangonipiante.it\/forsythia-x-intermedia-mini-gold\/"},"modified":"2023-11-06T14:44:16","modified_gmt":"2023-11-06T13:44:16","slug":"forsythia-x-intermedia-mini-gold","status":"publish","type":"product","link":"https:\/\/innocentiemangonipiante.it\/fr\/forsythia-x-intermedia-mini-gold\/","title":{"rendered":"FORSYTHIA x intermedia &lsquo;Mini Gold&rsquo; \u00ae"},"content":{"rendered":"<p>Port compact, arrondi, feuilles caduques lanc\u00e9ol\u00e9es vert vif avec une bande jaune au centre, fleurs pr\u00e9coces et nombreuses, jaune or.<\/p>\n","protected":false},"excerpt":{"rendered":"<p>Port compact, arrondi, feuilles caduques lanc\u00e9ol\u00e9es vert vif avec une bande jaune au centre, fleurs pr\u00e9coces et nombreuses, jaune or.<\/p>\n","protected":false},"featured_media":2672,"template":"","meta":{"_acf_changed":false},"product_brand":[],"product_cat":[8812],"product_tag":[10897],"class_list":{"0":"post-12772","1":"product","2":"type-product","3":"status-publish","4":"has-post-thumbnail","6":"product_cat-arbres-et-arbustes-a-feuilles-caduques","7":"product_tag-naturelle","8":"pa_altezza-massima-300-fr-2","9":"pa_altezza-massima-400-fr","10":"pa_colore-delle-foglie-panachees","11":"pa_colore-fioritura-jaune","12":"pa_condizionamento-clt-fr","13":"pa_famiglia-oleaceae-fr","14":"pa_genere-forsythia-fr","15":"pa_inquinamento-resistance-a-la-pollution","16":"pa_origine-europe-fr","17":"pa_periodo-fioritura-avril","18":"pa_periodo-fioritura-mai","19":"pa_periodo-fioritura-mars","20":"pa_portamento-arrondi","21":"pa_resistenza-climatica-moyenne-elevee","22":"pa_resistenza-del-suolo-resistant-aux-sols-calcaires","23":"pa_utilizzo-parcs","24":"pa_utilizzo-petits-jardins","26":"first","27":"instock","28":"purchasable","29":"product-type-simple"},"acf":[],"_links":{"self":[{"href":"https:\/\/innocentiemangonipiante.it\/fr\/wp-json\/wp\/v2\/product\/12772","targetHints":{"allow":["GET"]}}],"collection":[{"href":"https:\/\/innocentiemangonipiante.it\/fr\/wp-json\/wp\/v2\/product"}],"about":[{"href":"https:\/\/innocentiemangonipiante.it\/fr\/wp-json\/wp\/v2\/types\/product"}],"wp:featuredmedia":[{"embeddable":true,"href":"https:\/\/innocentiemangonipiante.it\/fr\/wp-json\/wp\/v2\/media\/2672"}],"wp:attachment":[{"href":"https:\/\/innocentiemangonipiante.it\/fr\/wp-json\/wp\/v2\/media?parent=12772"}],"wp:term":[{"taxonomy":"product_brand","embeddable":true,"href":"https:\/\/innocentiemangonipiante.it\/fr\/wp-json\/wp\/v2\/product_brand?post=12772"},{"taxonomy":"product_cat","embeddable":true,"href":"https:\/\/innocentiemangonipiante.it\/fr\/wp-json\/wp\/v2\/product_cat?post=12772"},{"taxonomy":"product_tag","embeddable":true,"href":"https:\/\/innocentiemangonipiante.it\/fr\/wp-json\/wp\/v2\/product_tag?post=12772"}],"curies":[{"name":"wp","href":"https:\/\/api.w.org\/{rel}","templated":true}]}}