{"id":12776,"date":"2023-11-04T00:58:31","date_gmt":"2023-11-03T23:58:31","guid":{"rendered":"http:\/\/innocentiemangonipiante.it\/fothergilla-major\/"},"modified":"2023-11-06T14:44:27","modified_gmt":"2023-11-06T13:44:27","slug":"fothergilla-major","status":"publish","type":"product","link":"https:\/\/innocentiemangonipiante.it\/fr\/fothergilla-major\/","title":{"rendered":"FOTHERGILLA major"},"content":{"rendered":"<p>Arbuste \u00e0 feuille caduque au port \u00e9rig\u00e9 avec feuilles oblongues et lanc\u00e9ol\u00e9es \u00e0 arrondies, altern\u00e9es, de couleur vert fonc\u00e9, d\u2019une longueur de 10 cm, aux bords dentel\u00e9s. Belle couleur automnale qui vire au jauneorange. Au d\u00e9but de l\u2019\u00e9t\u00e9, avant l\u2019apparition des feuilles, s\u2019\u00e9panouissent des fleurs en \u00e9pis terminaux, \u00e9rig\u00e9es de couleur blanche et d\u2019une longueur de 5 cm.<\/p>\n","protected":false},"excerpt":{"rendered":"<p>Arbuste \u00e0 feuille caduque au port \u00e9rig\u00e9 avec feuilles oblongues et lanc\u00e9ol\u00e9es \u00e0 arrondies, altern\u00e9es, de couleur vert fonc\u00e9, d\u2019une longueur de 10 cm, aux bords dentel\u00e9s. Belle couleur automnale qui vire au jauneorange. Au d\u00e9but de l\u2019\u00e9t\u00e9, avant l\u2019apparition des feuilles, s\u2019\u00e9panouissent des fleurs en \u00e9pis terminaux, \u00e9rig\u00e9es de couleur blanche et d\u2019une longueur [&hellip;]<\/p>\n","protected":false},"featured_media":2690,"template":"","meta":{"_acf_changed":false},"product_brand":[],"product_cat":[8812],"product_tag":[10897],"class_list":{"0":"post-12776","1":"product","2":"type-product","3":"status-publish","4":"has-post-thumbnail","6":"product_cat-arbres-et-arbustes-a-feuilles-caduques","7":"product_tag-naturelle","8":"pa_altezza-massima-200-fr","9":"pa_altezza-massima-300-fr-2","10":"pa_colore-fioritura-blanc","11":"pa_condizionamento-clt-fr","12":"pa_famiglia-hamamelidaceae-fr","13":"pa_genere-fothergilla-fr","14":"pa_origine-origine-delle-piante-u-s-a","15":"pa_periodo-fioritura-juin","16":"pa_portamento-eretto-fr","17":"pa_profumo-delicat","18":"pa_resistenza-climatica-tres-elevee","19":"pa_utilizzo-parcs","20":"pa_utilizzo-petits-jardins","22":"first","23":"instock","24":"purchasable","25":"product-type-simple"},"acf":[],"_links":{"self":[{"href":"https:\/\/innocentiemangonipiante.it\/fr\/wp-json\/wp\/v2\/product\/12776","targetHints":{"allow":["GET"]}}],"collection":[{"href":"https:\/\/innocentiemangonipiante.it\/fr\/wp-json\/wp\/v2\/product"}],"about":[{"href":"https:\/\/innocentiemangonipiante.it\/fr\/wp-json\/wp\/v2\/types\/product"}],"wp:featuredmedia":[{"embeddable":true,"href":"https:\/\/innocentiemangonipiante.it\/fr\/wp-json\/wp\/v2\/media\/2690"}],"wp:attachment":[{"href":"https:\/\/innocentiemangonipiante.it\/fr\/wp-json\/wp\/v2\/media?parent=12776"}],"wp:term":[{"taxonomy":"product_brand","embeddable":true,"href":"https:\/\/innocentiemangonipiante.it\/fr\/wp-json\/wp\/v2\/product_brand?post=12776"},{"taxonomy":"product_cat","embeddable":true,"href":"https:\/\/innocentiemangonipiante.it\/fr\/wp-json\/wp\/v2\/product_cat?post=12776"},{"taxonomy":"product_tag","embeddable":true,"href":"https:\/\/innocentiemangonipiante.it\/fr\/wp-json\/wp\/v2\/product_tag?post=12776"}],"curies":[{"name":"wp","href":"https:\/\/api.w.org\/{rel}","templated":true}]}}