{"id":12779,"date":"2023-11-04T01:00:00","date_gmt":"2023-11-04T00:00:00","guid":{"rendered":"http:\/\/innocentiemangonipiante.it\/fraxinus-oxycarpa-raywood\/"},"modified":"2023-11-06T14:45:37","modified_gmt":"2023-11-06T13:45:37","slug":"fraxinus-oxycarpa-raywood","status":"publish","type":"product","link":"https:\/\/innocentiemangonipiante.it\/fr\/fraxinus-oxycarpa-raywood\/","title":{"rendered":"FRAXINUS oxycarpa &lsquo;Raywood&rsquo;"},"content":{"rendered":"<p>Esp\u00e8ce tr\u00e8s vigoureuse. Les feuilles, de couleur vert fonc\u00e9, virent au rouge et au pourpre en automne.<\/p>\n","protected":false},"excerpt":{"rendered":"<p>Esp\u00e8ce tr\u00e8s vigoureuse. Les feuilles, de couleur vert fonc\u00e9, virent au rouge et au pourpre en automne.<\/p>\n","protected":false},"featured_media":2751,"template":"","meta":{"_acf_changed":false},"product_brand":[],"product_cat":[8812,9230],"product_tag":[10897,8596,8400],"class_list":{"0":"post-12779","1":"product","2":"type-product","3":"status-publish","4":"has-post-thumbnail","6":"product_cat-arbres-et-arbustes-a-feuilles-caduques","7":"product_cat-arbres-et-plantes-du-futur","8":"product_tag-naturelle","9":"product_tag-cepee","10":"product_tag-tige","11":"pa_altezza-massima-15-metres","12":"pa_altezza-massima-20-metres","13":"pa_colore-fioritura-blanc","14":"pa_condizionamento-clt-fr","15":"pa_condizionamento-motte","16":"pa_famiglia-oleaceae-fr","17":"pa_genere-fraxinus-fr","18":"pa_origine-sud-de-leurope-fr","19":"pa_periodo-fioritura-juin","20":"pa_periodo-fioritura-mai","21":"pa_portamento-arrondi","22":"pa_resistenza-climatica-tres-elevee","23":"pa_resistenza-del-suolo-resistant-au-sol-humide","24":"pa_resistenza-del-suolo-resistant-aux-sols-calcaires","25":"pa_resistenza-del-suolo-resistant-aux-sols-secs","26":"pa_utilizzo-parcs","28":"first","29":"instock","30":"purchasable","31":"product-type-simple"},"acf":[],"_links":{"self":[{"href":"https:\/\/innocentiemangonipiante.it\/fr\/wp-json\/wp\/v2\/product\/12779","targetHints":{"allow":["GET"]}}],"collection":[{"href":"https:\/\/innocentiemangonipiante.it\/fr\/wp-json\/wp\/v2\/product"}],"about":[{"href":"https:\/\/innocentiemangonipiante.it\/fr\/wp-json\/wp\/v2\/types\/product"}],"wp:featuredmedia":[{"embeddable":true,"href":"https:\/\/innocentiemangonipiante.it\/fr\/wp-json\/wp\/v2\/media\/2751"}],"wp:attachment":[{"href":"https:\/\/innocentiemangonipiante.it\/fr\/wp-json\/wp\/v2\/media?parent=12779"}],"wp:term":[{"taxonomy":"product_brand","embeddable":true,"href":"https:\/\/innocentiemangonipiante.it\/fr\/wp-json\/wp\/v2\/product_brand?post=12779"},{"taxonomy":"product_cat","embeddable":true,"href":"https:\/\/innocentiemangonipiante.it\/fr\/wp-json\/wp\/v2\/product_cat?post=12779"},{"taxonomy":"product_tag","embeddable":true,"href":"https:\/\/innocentiemangonipiante.it\/fr\/wp-json\/wp\/v2\/product_tag?post=12779"}],"curies":[{"name":"wp","href":"https:\/\/api.w.org\/{rel}","templated":true}]}}