{"id":12782,"date":"2023-11-04T00:59:36","date_gmt":"2023-11-03T23:59:36","guid":{"rendered":"http:\/\/innocentiemangonipiante.it\/fraxinus-ornus-louisa-lady\/"},"modified":"2023-11-06T14:44:52","modified_gmt":"2023-11-06T13:44:52","slug":"fraxinus-ornus-louisa-lady","status":"publish","type":"product","link":"https:\/\/innocentiemangonipiante.it\/fr\/fraxinus-ornus-louisa-lady\/","title":{"rendered":"FRAXINUS ornus &lsquo;Louisa Lady&rsquo;"},"content":{"rendered":"<p>Arbre caduc au feuillage \u00e0 la forme largement ovale. Feuilles de couleur vert clair qui deviennent jaunes dor\u00e9es en automne. \u00c0 la mi-printemps, apr\u00e8s l\u2019arriv\u00e9e des feuilles, Il y a de splendides fleurs blanc cr\u00e8me formant de denses \u00e9pis.<\/p>\n","protected":false},"excerpt":{"rendered":"<p>Arbre caduc au feuillage \u00e0 la forme largement ovale. Feuilles de couleur vert clair qui deviennent jaunes dor\u00e9es en automne. \u00c0 la mi-printemps, apr\u00e8s l\u2019arriv\u00e9e des feuilles, Il y a de splendides fleurs blanc cr\u00e8me formant de denses \u00e9pis.<\/p>\n","protected":false},"featured_media":44621,"template":"","meta":{"_acf_changed":false},"product_brand":[],"product_cat":[8812],"product_tag":[10897,8400],"class_list":{"0":"post-12782","1":"product","2":"type-product","3":"status-publish","4":"has-post-thumbnail","6":"product_cat-arbres-et-arbustes-a-feuilles-caduques","7":"product_tag-naturelle","8":"product_tag-tige","9":"pa_altezza-massima-1000-fr-2","10":"pa_altezza-massima-15-metres","11":"pa_colore-fioritura-blanc","12":"pa_condizionamento-motte","13":"pa_famiglia-oleaceae-fr","14":"pa_genere-fraxinus-fr","15":"pa_inquinamento-resistance-a-la-pollution","16":"pa_origine-hollande","17":"pa_periodo-fioritura-avril","18":"pa_portamento-arrondi","19":"pa_profumo-delicat","20":"pa_resistenza-climatica-tres-elevee","21":"pa_resistenza-del-suolo-resistant-aux-sols-calcaires","22":"pa_utilizzo-parcs","23":"pa_utilizzo-petits-jardins","25":"first","26":"instock","27":"purchasable","28":"product-type-simple"},"acf":[],"_links":{"self":[{"href":"https:\/\/innocentiemangonipiante.it\/fr\/wp-json\/wp\/v2\/product\/12782","targetHints":{"allow":["GET"]}}],"collection":[{"href":"https:\/\/innocentiemangonipiante.it\/fr\/wp-json\/wp\/v2\/product"}],"about":[{"href":"https:\/\/innocentiemangonipiante.it\/fr\/wp-json\/wp\/v2\/types\/product"}],"wp:featuredmedia":[{"embeddable":true,"href":"https:\/\/innocentiemangonipiante.it\/fr\/wp-json\/wp\/v2\/media\/44621"}],"wp:attachment":[{"href":"https:\/\/innocentiemangonipiante.it\/fr\/wp-json\/wp\/v2\/media?parent=12782"}],"wp:term":[{"taxonomy":"product_brand","embeddable":true,"href":"https:\/\/innocentiemangonipiante.it\/fr\/wp-json\/wp\/v2\/product_brand?post=12782"},{"taxonomy":"product_cat","embeddable":true,"href":"https:\/\/innocentiemangonipiante.it\/fr\/wp-json\/wp\/v2\/product_cat?post=12782"},{"taxonomy":"product_tag","embeddable":true,"href":"https:\/\/innocentiemangonipiante.it\/fr\/wp-json\/wp\/v2\/product_tag?post=12782"}],"curies":[{"name":"wp","href":"https:\/\/api.w.org\/{rel}","templated":true}]}}