{"id":12783,"date":"2023-11-04T00:59:27","date_gmt":"2023-11-03T23:59:27","guid":{"rendered":"http:\/\/innocentiemangonipiante.it\/fraxinus-ornus\/"},"modified":"2023-11-06T14:44:49","modified_gmt":"2023-11-06T13:44:49","slug":"fraxinus-ornus","status":"publish","type":"product","link":"https:\/\/innocentiemangonipiante.it\/fr\/fraxinus-ornus\/","title":{"rendered":"FRAXINUS ornus"},"content":{"rendered":"<p>\u201cFr\u00eane \u00e0 fleurs\u201d. Petit arbre \u00e0 feuille caduque et couronne arrondie. Les feuilles penn\u00e9es et vert fonc\u00e9 d\u2019une longueur de 20 cm sont form\u00e9es de 6 \u00e0 10 folioles ovales virant au rouge pourpre en automne. \u00c0 la fin du printemps, il donne de grandes panicules de fleurs blanc cr\u00e8me parfum\u00e9es.<\/p>\n","protected":false},"excerpt":{"rendered":"<p>\u201cFr\u00eane \u00e0 fleurs\u201d. Petit arbre \u00e0 feuille caduque et couronne arrondie. Les feuilles penn\u00e9es et vert fonc\u00e9 d\u2019une longueur de 20 cm sont form\u00e9es de 6 \u00e0 10 folioles ovales virant au rouge pourpre en automne. \u00c0 la fin du printemps, il donne de grandes panicules de fleurs blanc cr\u00e8me parfum\u00e9es.<\/p>\n","protected":false},"featured_media":2732,"template":"","meta":{"_acf_changed":false},"product_brand":[],"product_cat":[8812,9230],"product_tag":[10897,8596,8400],"class_list":{"0":"post-12783","1":"product","2":"type-product","3":"status-publish","4":"has-post-thumbnail","6":"product_cat-arbres-et-arbustes-a-feuilles-caduques","7":"product_cat-arbres-et-plantes-du-futur","8":"product_tag-naturelle","9":"product_tag-cepee","10":"product_tag-tige","11":"pa_altezza-massima-1000-fr-2","12":"pa_altezza-massima-15-metres","13":"pa_colore-fioritura-blanc","14":"pa_condizionamento-clt-fr","15":"pa_condizionamento-motte","16":"pa_famiglia-oleaceae-fr","17":"pa_genere-fraxinus-fr","18":"pa_origine-europe-centrale","19":"pa_periodo-fioritura-avril","20":"pa_periodo-fioritura-mai","21":"pa_portamento-arrondi","22":"pa_profumo-delicat","23":"pa_resistenza-climatica-tres-elevee","24":"pa_resistenza-del-suolo-resistant-aux-sols-calcaires","25":"pa_resistenza-del-suolo-resistant-aux-sols-secs","26":"pa_utilizzo-parcs","28":"first","29":"instock","30":"purchasable","31":"product-type-simple"},"acf":[],"_links":{"self":[{"href":"https:\/\/innocentiemangonipiante.it\/fr\/wp-json\/wp\/v2\/product\/12783","targetHints":{"allow":["GET"]}}],"collection":[{"href":"https:\/\/innocentiemangonipiante.it\/fr\/wp-json\/wp\/v2\/product"}],"about":[{"href":"https:\/\/innocentiemangonipiante.it\/fr\/wp-json\/wp\/v2\/types\/product"}],"wp:featuredmedia":[{"embeddable":true,"href":"https:\/\/innocentiemangonipiante.it\/fr\/wp-json\/wp\/v2\/media\/2732"}],"wp:attachment":[{"href":"https:\/\/innocentiemangonipiante.it\/fr\/wp-json\/wp\/v2\/media?parent=12783"}],"wp:term":[{"taxonomy":"product_brand","embeddable":true,"href":"https:\/\/innocentiemangonipiante.it\/fr\/wp-json\/wp\/v2\/product_brand?post=12783"},{"taxonomy":"product_cat","embeddable":true,"href":"https:\/\/innocentiemangonipiante.it\/fr\/wp-json\/wp\/v2\/product_cat?post=12783"},{"taxonomy":"product_tag","embeddable":true,"href":"https:\/\/innocentiemangonipiante.it\/fr\/wp-json\/wp\/v2\/product_tag?post=12783"}],"curies":[{"name":"wp","href":"https:\/\/api.w.org\/{rel}","templated":true}]}}