{"id":12784,"date":"2023-11-04T00:59:20","date_gmt":"2023-11-03T23:59:20","guid":{"rendered":"http:\/\/innocentiemangonipiante.it\/fraxinus-excelsior-westhofs-gloire\/"},"modified":"2023-11-06T14:44:46","modified_gmt":"2023-11-06T13:44:46","slug":"fraxinus-excelsior-westhofs-gloire","status":"publish","type":"product","link":"https:\/\/innocentiemangonipiante.it\/fr\/fraxinus-excelsior-westhofs-gloire\/","title":{"rendered":"FRAXINUS excelsior &lsquo;Westhof&rsquo;s Gloire&rsquo;"},"content":{"rendered":"<p>Grand arbre \u00e0 feuille caduque au port arrondi, plus r\u00e9gulier que l\u2019esp\u00e8ce type. Les branches lat\u00e9rales sont \u00e9rig\u00e9es et s\u2019\u00e9largissent avec le temps. Les feuilles sont oppos\u00e9es, penn\u00e9es, compos\u00e9es de 9 \u00e0 13 folioles ovo\u00efdales, dentel\u00e9es d\u2019un vert fonc\u00e9 luisant.<\/p>\n","protected":false},"excerpt":{"rendered":"<p>Grand arbre \u00e0 feuille caduque au port arrondi, plus r\u00e9gulier que l\u2019esp\u00e8ce type. Les branches lat\u00e9rales sont \u00e9rig\u00e9es et s\u2019\u00e9largissent avec le temps. Les feuilles sont oppos\u00e9es, penn\u00e9es, compos\u00e9es de 9 \u00e0 13 folioles ovo\u00efdales, dentel\u00e9es d\u2019un vert fonc\u00e9 luisant.<\/p>\n","protected":false},"featured_media":2726,"template":"","meta":{"_acf_changed":false},"product_brand":[],"product_cat":[8812],"product_tag":[10897,8596,8400],"class_list":{"0":"post-12784","1":"product","2":"type-product","3":"status-publish","4":"has-post-thumbnail","6":"product_cat-arbres-et-arbustes-a-feuilles-caduques","7":"product_tag-naturelle","8":"product_tag-cepee","9":"product_tag-tige","10":"pa_altezza-massima-20-metres","11":"pa_altezza-massima-25-metres","12":"pa_condizionamento-clt-fr","13":"pa_condizionamento-motte","14":"pa_famiglia-oleaceae-fr","15":"pa_genere-fraxinus-fr","16":"pa_inquinamento-resistance-a-la-pollution","17":"pa_origine-hollande","18":"pa_portamento-piramidale-fr","19":"pa_resistenza-climatica-tres-elevee","20":"pa_resistenza-del-suolo-resistant-au-sol-humide","21":"pa_resistenza-del-suolo-resistant-aux-sols-calcaires","22":"pa_salinita-resistance-a-la-salinisation","23":"pa_utilizzo-avenues-fr","24":"pa_utilizzo-parcs","26":"first","27":"instock","28":"purchasable","29":"product-type-simple"},"acf":[],"_links":{"self":[{"href":"https:\/\/innocentiemangonipiante.it\/fr\/wp-json\/wp\/v2\/product\/12784","targetHints":{"allow":["GET"]}}],"collection":[{"href":"https:\/\/innocentiemangonipiante.it\/fr\/wp-json\/wp\/v2\/product"}],"about":[{"href":"https:\/\/innocentiemangonipiante.it\/fr\/wp-json\/wp\/v2\/types\/product"}],"wp:featuredmedia":[{"embeddable":true,"href":"https:\/\/innocentiemangonipiante.it\/fr\/wp-json\/wp\/v2\/media\/2726"}],"wp:attachment":[{"href":"https:\/\/innocentiemangonipiante.it\/fr\/wp-json\/wp\/v2\/media?parent=12784"}],"wp:term":[{"taxonomy":"product_brand","embeddable":true,"href":"https:\/\/innocentiemangonipiante.it\/fr\/wp-json\/wp\/v2\/product_brand?post=12784"},{"taxonomy":"product_cat","embeddable":true,"href":"https:\/\/innocentiemangonipiante.it\/fr\/wp-json\/wp\/v2\/product_cat?post=12784"},{"taxonomy":"product_tag","embeddable":true,"href":"https:\/\/innocentiemangonipiante.it\/fr\/wp-json\/wp\/v2\/product_tag?post=12784"}],"curies":[{"name":"wp","href":"https:\/\/api.w.org\/{rel}","templated":true}]}}