{"id":12786,"date":"2023-11-04T00:59:00","date_gmt":"2023-11-03T23:59:00","guid":{"rendered":"http:\/\/innocentiemangonipiante.it\/fraxinus-excelsior\/"},"modified":"2023-11-06T14:44:38","modified_gmt":"2023-11-06T13:44:38","slug":"fraxinus-excelsior","status":"publish","type":"product","link":"https:\/\/innocentiemangonipiante.it\/fr\/fraxinus-excelsior\/","title":{"rendered":"FRAXINUS excelsior"},"content":{"rendered":"<p>\u201cFr\u00eane commun\u201d. Arbre vigoureux \u00e0 feuille caduque au port ample. Les feuilles penn\u00e9es, de couleur vert fonc\u00e9, sont d\u2019une longueur de 30 cm, et compos\u00e9es de 10 \u00e0 15 folioles qui se teintent de jaune d\u2019or en automne. L\u2019\u00e9corce va du vert olive au gris clair.<\/p>\n","protected":false},"excerpt":{"rendered":"<p>\u201cFr\u00eane commun\u201d. Arbre vigoureux \u00e0 feuille caduque au port ample. Les feuilles penn\u00e9es, de couleur vert fonc\u00e9, sont d\u2019une longueur de 30 cm, et compos\u00e9es de 10 \u00e0 15 folioles qui se teintent de jaune d\u2019or en automne. L\u2019\u00e9corce va du vert olive au gris clair.<\/p>\n","protected":false},"featured_media":2714,"template":"","meta":{"_acf_changed":false},"product_brand":[],"product_cat":[8812,9230],"product_tag":[10897,8596,8400],"class_list":{"0":"post-12786","1":"product","2":"type-product","3":"status-publish","4":"has-post-thumbnail","6":"product_cat-arbres-et-arbustes-a-feuilles-caduques","7":"product_cat-arbres-et-plantes-du-futur","8":"product_tag-naturelle","9":"product_tag-cepee","10":"product_tag-tige","11":"pa_altezza-massima-15-metres","12":"pa_altezza-massima-20-metres","13":"pa_condizionamento-clt-fr","14":"pa_condizionamento-motte","15":"pa_famiglia-oleaceae-fr","16":"pa_genere-fraxinus-fr","17":"pa_inquinamento-resistance-a-la-pollution","18":"pa_origine-europe-centrale","19":"pa_resistenza-climatica-tres-elevee","20":"pa_resistenza-del-suolo-resistant-au-sol-humide","21":"pa_resistenza-del-suolo-resistant-aux-sols-calcaires","22":"pa_salinita-resistance-a-la-salinisation","23":"pa_utilizzo-avenues-fr","24":"pa_utilizzo-parcs","26":"first","27":"instock","28":"purchasable","29":"product-type-simple"},"acf":[],"_links":{"self":[{"href":"https:\/\/innocentiemangonipiante.it\/fr\/wp-json\/wp\/v2\/product\/12786","targetHints":{"allow":["GET"]}}],"collection":[{"href":"https:\/\/innocentiemangonipiante.it\/fr\/wp-json\/wp\/v2\/product"}],"about":[{"href":"https:\/\/innocentiemangonipiante.it\/fr\/wp-json\/wp\/v2\/types\/product"}],"wp:featuredmedia":[{"embeddable":true,"href":"https:\/\/innocentiemangonipiante.it\/fr\/wp-json\/wp\/v2\/media\/2714"}],"wp:attachment":[{"href":"https:\/\/innocentiemangonipiante.it\/fr\/wp-json\/wp\/v2\/media?parent=12786"}],"wp:term":[{"taxonomy":"product_brand","embeddable":true,"href":"https:\/\/innocentiemangonipiante.it\/fr\/wp-json\/wp\/v2\/product_brand?post=12786"},{"taxonomy":"product_cat","embeddable":true,"href":"https:\/\/innocentiemangonipiante.it\/fr\/wp-json\/wp\/v2\/product_cat?post=12786"},{"taxonomy":"product_tag","embeddable":true,"href":"https:\/\/innocentiemangonipiante.it\/fr\/wp-json\/wp\/v2\/product_tag?post=12786"}],"curies":[{"name":"wp","href":"https:\/\/api.w.org\/{rel}","templated":true}]}}