{"id":12790,"date":"2023-11-04T01:00:58","date_gmt":"2023-11-04T00:00:58","guid":{"rendered":"http:\/\/innocentiemangonipiante.it\/gardenia-jasminoides-kleims-hardy\/"},"modified":"2023-11-06T14:45:58","modified_gmt":"2023-11-06T13:45:58","slug":"gardenia-jasminoides-kleims-hardy","status":"publish","type":"product","link":"https:\/\/innocentiemangonipiante.it\/fr\/gardenia-jasminoides-kleims-hardy\/","title":{"rendered":"GARDENIA jasminoides &lsquo;Kleim&rsquo;s Hardy&rsquo;"},"content":{"rendered":"<p>S\u00e9lection r\u00e9sistante au froid avec fleur blanc parfum\u00e9e. Fleurs et feuilles plus petites de l\u2019esp\u00e8ce. Croissance lente.<\/p>\n","protected":false},"excerpt":{"rendered":"<p>S\u00e9lection r\u00e9sistante au froid avec fleur blanc parfum\u00e9e. Fleurs et feuilles plus petites de l\u2019esp\u00e8ce. Croissance lente.<\/p>\n","protected":false},"featured_media":0,"template":"","meta":{"_acf_changed":false},"product_brand":[],"product_cat":[8817],"product_tag":[10897],"class_list":{"0":"post-12790","1":"product","2":"type-product","3":"status-publish","5":"product_cat-arbres-et-arbustes-persistants","6":"product_tag-naturelle","7":"pa_altezza-massima-150-fr","8":"pa_altezza-massima-200-fr","9":"pa_colore-fioritura-blanc","10":"pa_condizionamento-clt-fr","11":"pa_condizionamento-vs-fr","12":"pa_famiglia-rubiaceae-fr","13":"pa_genere-gardenia-fr","14":"pa_origine-asie-orientale","15":"pa_periodo-fioritura-juillet","16":"pa_periodo-fioritura-juin","17":"pa_periodo-fioritura-mai","18":"pa_portamento-cespuglioso-fr","19":"pa_profumo-intense-fr","20":"pa_resistenza-climatica-moyenne-elevee","21":"pa_utilizzo-balcons","22":"pa_utilizzo-interieur","23":"pa_utilizzo-petits-jardins","25":"first","26":"instock","27":"purchasable","28":"product-type-simple"},"acf":[],"_links":{"self":[{"href":"https:\/\/innocentiemangonipiante.it\/fr\/wp-json\/wp\/v2\/product\/12790","targetHints":{"allow":["GET"]}}],"collection":[{"href":"https:\/\/innocentiemangonipiante.it\/fr\/wp-json\/wp\/v2\/product"}],"about":[{"href":"https:\/\/innocentiemangonipiante.it\/fr\/wp-json\/wp\/v2\/types\/product"}],"wp:attachment":[{"href":"https:\/\/innocentiemangonipiante.it\/fr\/wp-json\/wp\/v2\/media?parent=12790"}],"wp:term":[{"taxonomy":"product_brand","embeddable":true,"href":"https:\/\/innocentiemangonipiante.it\/fr\/wp-json\/wp\/v2\/product_brand?post=12790"},{"taxonomy":"product_cat","embeddable":true,"href":"https:\/\/innocentiemangonipiante.it\/fr\/wp-json\/wp\/v2\/product_cat?post=12790"},{"taxonomy":"product_tag","embeddable":true,"href":"https:\/\/innocentiemangonipiante.it\/fr\/wp-json\/wp\/v2\/product_tag?post=12790"}],"curies":[{"name":"wp","href":"https:\/\/api.w.org\/{rel}","templated":true}]}}