{"id":12791,"date":"2023-11-04T01:00:43","date_gmt":"2023-11-04T00:00:43","guid":{"rendered":"http:\/\/innocentiemangonipiante.it\/gardenia-grandiflora\/"},"modified":"2023-11-06T14:45:53","modified_gmt":"2023-11-06T13:45:53","slug":"gardenia-grandiflora","status":"publish","type":"product","link":"https:\/\/innocentiemangonipiante.it\/fr\/gardenia-grandiflora\/","title":{"rendered":"GARDENIA grandiflora"},"content":{"rendered":"<p>Arbuste persistant, buissonnant, aux feuilles ovales et elliptiques vert fonc\u00e9 d\u2019une longueur de 10 cm. De l\u2019\u00e9t\u00e9 \u00e0 l\u2019automne, il donne des fleurs de 5 \u00e0 12 lobes intens\u00e9ment parfum\u00e9es, allant du blanc pur \u00e0 l\u2019ivoire et d\u2019une largeur de 8 cm.<\/p>\n","protected":false},"excerpt":{"rendered":"<p>Arbuste persistant, buissonnant, aux feuilles ovales et elliptiques vert fonc\u00e9 d\u2019une longueur de 10 cm. De l\u2019\u00e9t\u00e9 \u00e0 l\u2019automne, il donne des fleurs de 5 \u00e0 12 lobes intens\u00e9ment parfum\u00e9es, allant du blanc pur \u00e0 l\u2019ivoire et d\u2019une largeur de 8 cm.<\/p>\n","protected":false},"featured_media":2774,"template":"","meta":{"_acf_changed":false},"product_brand":[],"product_cat":[8817],"product_tag":[10897],"class_list":{"0":"post-12791","1":"product","2":"type-product","3":"status-publish","4":"has-post-thumbnail","6":"product_cat-arbres-et-arbustes-persistants","7":"product_tag-naturelle","8":"pa_altezza-massima-200-fr","9":"pa_altezza-massima-300-fr-2","10":"pa_colore-fioritura-blanc","11":"pa_condizionamento-clt-fr","12":"pa_famiglia-rubiaceae-fr","13":"pa_genere-gardenia-fr","14":"pa_origine-asie-orientale","15":"pa_periodo-fioritura-aout","16":"pa_periodo-fioritura-juillet","17":"pa_periodo-fioritura-juin","18":"pa_periodo-fioritura-septembre","19":"pa_portamento-cespuglioso-fr","20":"pa_profumo-intense-fr","21":"pa_resistenza-climatica-plantes-avec-une-faible-resistance-climatique","22":"pa_utilizzo-balcons","23":"pa_utilizzo-interieur","24":"pa_utilizzo-petits-jardins","26":"first","27":"instock","28":"purchasable","29":"product-type-simple"},"acf":[],"_links":{"self":[{"href":"https:\/\/innocentiemangonipiante.it\/fr\/wp-json\/wp\/v2\/product\/12791","targetHints":{"allow":["GET"]}}],"collection":[{"href":"https:\/\/innocentiemangonipiante.it\/fr\/wp-json\/wp\/v2\/product"}],"about":[{"href":"https:\/\/innocentiemangonipiante.it\/fr\/wp-json\/wp\/v2\/types\/product"}],"wp:featuredmedia":[{"embeddable":true,"href":"https:\/\/innocentiemangonipiante.it\/fr\/wp-json\/wp\/v2\/media\/2774"}],"wp:attachment":[{"href":"https:\/\/innocentiemangonipiante.it\/fr\/wp-json\/wp\/v2\/media?parent=12791"}],"wp:term":[{"taxonomy":"product_brand","embeddable":true,"href":"https:\/\/innocentiemangonipiante.it\/fr\/wp-json\/wp\/v2\/product_brand?post=12791"},{"taxonomy":"product_cat","embeddable":true,"href":"https:\/\/innocentiemangonipiante.it\/fr\/wp-json\/wp\/v2\/product_cat?post=12791"},{"taxonomy":"product_tag","embeddable":true,"href":"https:\/\/innocentiemangonipiante.it\/fr\/wp-json\/wp\/v2\/product_tag?post=12791"}],"curies":[{"name":"wp","href":"https:\/\/api.w.org\/{rel}","templated":true}]}}