{"id":12797,"date":"2023-11-04T01:04:05","date_gmt":"2023-11-04T00:04:05","guid":{"rendered":"http:\/\/innocentiemangonipiante.it\/ginkgo-biloba-tubifolia\/"},"modified":"2023-11-06T14:47:19","modified_gmt":"2023-11-06T13:47:19","slug":"ginkgo-biloba-tubifolia","status":"publish","type":"product","link":"https:\/\/innocentiemangonipiante.it\/fr\/ginkgo-biloba-tubifolia\/","title":{"rendered":"GINKGO biloba &lsquo;Tubifolia&rsquo;"},"content":{"rendered":"<p>S\u00e9lection de Ginkgo tr\u00e9s interessante pour ses feuille en 2 lobes, petites, allong\u00e9es. Croissance lente. Feuillage qui se teint de jaune dor\u00e9 en automn.<\/p>\n","protected":false},"excerpt":{"rendered":"<p>S\u00e9lection de Ginkgo tr\u00e9s interessante pour ses feuille en 2 lobes, petites, allong\u00e9es. Croissance lente. Feuillage qui se teint de jaune dor\u00e9 en automn.<\/p>\n","protected":false},"featured_media":2826,"template":"","meta":{"_acf_changed":false},"product_brand":[],"product_cat":[8824],"product_tag":[10897,6263,8400],"class_list":{"0":"post-12797","1":"product","2":"type-product","3":"status-publish","4":"has-post-thumbnail","6":"product_cat-coniferes","7":"product_tag-naturelle","8":"product_tag-pompons-fr","9":"product_tag-tige","10":"pa_altezza-massima-1000-fr-2","11":"pa_altezza-massima-15-metres","12":"pa_condizionamento-clt-fr","13":"pa_condizionamento-motte","14":"pa_famiglia-ginkgoaceae-fr","15":"pa_genere-ginkgo-fr","16":"pa_origine-asie-orientale","17":"pa_portamento-piramidale-fr","18":"pa_resistenza-climatica-tres-elevee","19":"pa_resistenza-del-suolo-resistant-aux-sols-calcaires","20":"pa_utilizzo-parcs","22":"first","23":"instock","24":"purchasable","25":"product-type-simple"},"acf":[],"_links":{"self":[{"href":"https:\/\/innocentiemangonipiante.it\/fr\/wp-json\/wp\/v2\/product\/12797","targetHints":{"allow":["GET"]}}],"collection":[{"href":"https:\/\/innocentiemangonipiante.it\/fr\/wp-json\/wp\/v2\/product"}],"about":[{"href":"https:\/\/innocentiemangonipiante.it\/fr\/wp-json\/wp\/v2\/types\/product"}],"wp:featuredmedia":[{"embeddable":true,"href":"https:\/\/innocentiemangonipiante.it\/fr\/wp-json\/wp\/v2\/media\/2826"}],"wp:attachment":[{"href":"https:\/\/innocentiemangonipiante.it\/fr\/wp-json\/wp\/v2\/media?parent=12797"}],"wp:term":[{"taxonomy":"product_brand","embeddable":true,"href":"https:\/\/innocentiemangonipiante.it\/fr\/wp-json\/wp\/v2\/product_brand?post=12797"},{"taxonomy":"product_cat","embeddable":true,"href":"https:\/\/innocentiemangonipiante.it\/fr\/wp-json\/wp\/v2\/product_cat?post=12797"},{"taxonomy":"product_tag","embeddable":true,"href":"https:\/\/innocentiemangonipiante.it\/fr\/wp-json\/wp\/v2\/product_tag?post=12797"}],"curies":[{"name":"wp","href":"https:\/\/api.w.org\/{rel}","templated":true}]}}