{"id":12798,"date":"2023-11-04T01:03:52","date_gmt":"2023-11-04T00:03:52","guid":{"rendered":"http:\/\/innocentiemangonipiante.it\/ginkgo-biloba-saratoga\/"},"modified":"2023-11-06T14:47:14","modified_gmt":"2023-11-06T13:47:14","slug":"ginkgo-biloba-saratoga","status":"publish","type":"product","link":"https:\/\/innocentiemangonipiante.it\/fr\/ginkgo-biloba-saratoga\/","title":{"rendered":"GINKGO biloba &lsquo;Saratoga&rsquo;"},"content":{"rendered":"<p>Cultivar \u00e0 port \u00e9troit, arrondi, croissance lente. Feuilles \u00e9troites, retombantes de couleur vert emeraude qui virent au jaune or en automne.<\/p>\n","protected":false},"excerpt":{"rendered":"<p>Cultivar \u00e0 port \u00e9troit, arrondi, croissance lente. Feuilles \u00e9troites, retombantes de couleur vert emeraude qui virent au jaune or en automne.<\/p>\n","protected":false},"featured_media":2820,"template":"","meta":{"_acf_changed":false},"product_brand":[],"product_cat":[8824],"product_tag":[10897,8400],"class_list":{"0":"post-12798","1":"product","2":"type-product","3":"status-publish","4":"has-post-thumbnail","6":"product_cat-coniferes","7":"product_tag-naturelle","8":"product_tag-tige","9":"pa_altezza-massima-1000-fr-2","10":"pa_altezza-massima-15-metres","11":"pa_condizionamento-clt-fr","12":"pa_condizionamento-motte","13":"pa_famiglia-ginkgoaceae-fr","14":"pa_genere-ginkgo-fr","15":"pa_inquinamento-resistance-a-la-pollution","16":"pa_origine-origine-delle-piante-u-s-a","17":"pa_portamento-piramidale-fr","18":"pa_resistenza-climatica-tres-elevee","19":"pa_resistenza-del-suolo-resistant-aux-sols-calcaires","20":"pa_utilizzo-avenues-fr","22":"first","23":"instock","24":"purchasable","25":"product-type-simple"},"acf":[],"_links":{"self":[{"href":"https:\/\/innocentiemangonipiante.it\/fr\/wp-json\/wp\/v2\/product\/12798","targetHints":{"allow":["GET"]}}],"collection":[{"href":"https:\/\/innocentiemangonipiante.it\/fr\/wp-json\/wp\/v2\/product"}],"about":[{"href":"https:\/\/innocentiemangonipiante.it\/fr\/wp-json\/wp\/v2\/types\/product"}],"wp:featuredmedia":[{"embeddable":true,"href":"https:\/\/innocentiemangonipiante.it\/fr\/wp-json\/wp\/v2\/media\/2820"}],"wp:attachment":[{"href":"https:\/\/innocentiemangonipiante.it\/fr\/wp-json\/wp\/v2\/media?parent=12798"}],"wp:term":[{"taxonomy":"product_brand","embeddable":true,"href":"https:\/\/innocentiemangonipiante.it\/fr\/wp-json\/wp\/v2\/product_brand?post=12798"},{"taxonomy":"product_cat","embeddable":true,"href":"https:\/\/innocentiemangonipiante.it\/fr\/wp-json\/wp\/v2\/product_cat?post=12798"},{"taxonomy":"product_tag","embeddable":true,"href":"https:\/\/innocentiemangonipiante.it\/fr\/wp-json\/wp\/v2\/product_tag?post=12798"}],"curies":[{"name":"wp","href":"https:\/\/api.w.org\/{rel}","templated":true}]}}