{"id":12801,"date":"2023-11-04T01:03:11","date_gmt":"2023-11-04T00:03:11","guid":{"rendered":"http:\/\/innocentiemangonipiante.it\/ginkgo-biloba-fastigiata-blagon\/"},"modified":"2023-11-06T14:46:55","modified_gmt":"2023-11-06T13:46:55","slug":"ginkgo-biloba-fastigiata-blagon","status":"publish","type":"product","link":"https:\/\/innocentiemangonipiante.it\/fr\/ginkgo-biloba-fastigiata-blagon\/","title":{"rendered":"GINKGO biloba &lsquo;Fastigiata Blagon&rsquo; \u00ae"},"content":{"rendered":"<p>De greffe. Cultivar m\u00e2le. S\u00e9lection au port bien \u00e9troit et avec une ramification ascendante plut\u00f4t touffue. Croissance lente. Feuillage de couleur dor\u00e9 en automne.<\/p>\n","protected":false},"excerpt":{"rendered":"<p>De greffe. Cultivar m\u00e2le. S\u00e9lection au port bien \u00e9troit et avec une ramification ascendante plut\u00f4t touffue. Croissance lente. Feuillage de couleur dor\u00e9 en automne.<\/p>\n","protected":false},"featured_media":2812,"template":"","meta":{"_acf_changed":false},"product_brand":[],"product_cat":[8824],"product_tag":[10897,8400],"class_list":{"0":"post-12801","1":"product","2":"type-product","3":"status-publish","4":"has-post-thumbnail","6":"product_cat-coniferes","7":"product_tag-naturelle","8":"product_tag-tige","9":"pa_altezza-massima-1000-fr-2","10":"pa_altezza-massima-15-metres","11":"pa_condizionamento-clt-fr","12":"pa_condizionamento-vs-fr","13":"pa_condizionamento-motte","14":"pa_famiglia-ginkgoaceae-fr","15":"pa_genere-ginkgo-fr","16":"pa_origine-france-fr","17":"pa_portamento-piramidale-fr","18":"pa_resistenza-climatica-tres-elevee","19":"pa_resistenza-del-suolo-resistant-aux-sols-calcaires","20":"pa_utilizzo-parcs","22":"first","23":"instock","24":"purchasable","25":"product-type-simple"},"acf":[],"_links":{"self":[{"href":"https:\/\/innocentiemangonipiante.it\/fr\/wp-json\/wp\/v2\/product\/12801","targetHints":{"allow":["GET"]}}],"collection":[{"href":"https:\/\/innocentiemangonipiante.it\/fr\/wp-json\/wp\/v2\/product"}],"about":[{"href":"https:\/\/innocentiemangonipiante.it\/fr\/wp-json\/wp\/v2\/types\/product"}],"wp:featuredmedia":[{"embeddable":true,"href":"https:\/\/innocentiemangonipiante.it\/fr\/wp-json\/wp\/v2\/media\/2812"}],"wp:attachment":[{"href":"https:\/\/innocentiemangonipiante.it\/fr\/wp-json\/wp\/v2\/media?parent=12801"}],"wp:term":[{"taxonomy":"product_brand","embeddable":true,"href":"https:\/\/innocentiemangonipiante.it\/fr\/wp-json\/wp\/v2\/product_brand?post=12801"},{"taxonomy":"product_cat","embeddable":true,"href":"https:\/\/innocentiemangonipiante.it\/fr\/wp-json\/wp\/v2\/product_cat?post=12801"},{"taxonomy":"product_tag","embeddable":true,"href":"https:\/\/innocentiemangonipiante.it\/fr\/wp-json\/wp\/v2\/product_tag?post=12801"}],"curies":[{"name":"wp","href":"https:\/\/api.w.org\/{rel}","templated":true}]}}