{"id":12802,"date":"2023-11-04T01:02:42","date_gmt":"2023-11-04T00:02:42","guid":{"rendered":"http:\/\/innocentiemangonipiante.it\/ginkgo-biloba\/"},"modified":"2023-11-06T14:46:38","modified_gmt":"2023-11-06T13:46:38","slug":"ginkgo-biloba","status":"publish","type":"product","link":"https:\/\/innocentiemangonipiante.it\/fr\/ginkgo-biloba\/","title":{"rendered":"GINKGO biloba"},"content":{"rendered":"<p>\u201cArbre aux quarante \u00e9cus\u201d. Conif\u00e8re \u00e0 feuille caduque au port irr\u00e9gulier. L\u2019\u00e9corce li\u00e9geuse est cannel\u00e9e et de couleur gris opaque \u00e0 jaun\u00e2tre. Les feuilles, allant du vert au vert clair, sont plates, en forme d\u2019\u00e9ventail et virent au jaune d\u2019or en automne.<\/p>\n","protected":false},"excerpt":{"rendered":"<p>\u201cArbre aux quarante \u00e9cus\u201d. Conif\u00e8re \u00e0 feuille caduque au port irr\u00e9gulier. L\u2019\u00e9corce li\u00e9geuse est cannel\u00e9e et de couleur gris opaque \u00e0 jaun\u00e2tre. Les feuilles, allant du vert au vert clair, sont plates, en forme d\u2019\u00e9ventail et virent au jaune d\u2019or en automne.<\/p>\n","protected":false},"featured_media":2806,"template":"","meta":{"_acf_changed":false},"product_brand":[],"product_cat":[8824,9230],"product_tag":[10897,8596,10900,8400],"class_list":{"0":"post-12802","1":"product","2":"type-product","3":"status-publish","4":"has-post-thumbnail","6":"product_cat-coniferes","7":"product_cat-arbres-et-plantes-du-futur","8":"product_tag-naturelle","9":"product_tag-cepee","10":"product_tag-tbb-fr-2","11":"product_tag-tige","12":"pa_altezza-massima-15-metres","13":"pa_altezza-massima-25-metres","14":"pa_colore-fioritura-jaune","15":"pa_condizionamento-clt-fr","16":"pa_condizionamento-vs-fr","17":"pa_condizionamento-motte","18":"pa_famiglia-ginkgoaceae-fr","19":"pa_genere-ginkgo-fr","20":"pa_inquinamento-resistance-a-la-pollution","21":"pa_origine-asie-orientale","22":"pa_periodo-fioritura-avril","23":"pa_periodo-fioritura-mai","24":"pa_portamento-conico-fr","25":"pa_resistenza-climatica-tres-elevee","26":"pa_resistenza-del-suolo-resistant-aux-sols-calcaires","27":"pa_utilizzo-avenues-fr","28":"pa_utilizzo-parcs","30":"first","31":"instock","32":"purchasable","33":"product-type-simple"},"acf":[],"_links":{"self":[{"href":"https:\/\/innocentiemangonipiante.it\/fr\/wp-json\/wp\/v2\/product\/12802","targetHints":{"allow":["GET"]}}],"collection":[{"href":"https:\/\/innocentiemangonipiante.it\/fr\/wp-json\/wp\/v2\/product"}],"about":[{"href":"https:\/\/innocentiemangonipiante.it\/fr\/wp-json\/wp\/v2\/types\/product"}],"wp:featuredmedia":[{"embeddable":true,"href":"https:\/\/innocentiemangonipiante.it\/fr\/wp-json\/wp\/v2\/media\/2806"}],"wp:attachment":[{"href":"https:\/\/innocentiemangonipiante.it\/fr\/wp-json\/wp\/v2\/media?parent=12802"}],"wp:term":[{"taxonomy":"product_brand","embeddable":true,"href":"https:\/\/innocentiemangonipiante.it\/fr\/wp-json\/wp\/v2\/product_brand?post=12802"},{"taxonomy":"product_cat","embeddable":true,"href":"https:\/\/innocentiemangonipiante.it\/fr\/wp-json\/wp\/v2\/product_cat?post=12802"},{"taxonomy":"product_tag","embeddable":true,"href":"https:\/\/innocentiemangonipiante.it\/fr\/wp-json\/wp\/v2\/product_tag?post=12802"}],"curies":[{"name":"wp","href":"https:\/\/api.w.org\/{rel}","templated":true}]}}