{"id":12804,"date":"2023-11-04T01:04:29","date_gmt":"2023-11-04T00:04:29","guid":{"rendered":"http:\/\/innocentiemangonipiante.it\/gleditsia-triacanthos-skyline\/"},"modified":"2023-11-06T14:47:30","modified_gmt":"2023-11-06T13:47:30","slug":"gleditsia-triacanthos-skyline","status":"publish","type":"product","link":"https:\/\/innocentiemangonipiante.it\/fr\/gleditsia-triacanthos-skyline\/","title":{"rendered":"GLEDITSIA triacanthos &lsquo;Skyline&rsquo; \u00ae"},"content":{"rendered":"<p>Arbre \u00e0 feuille caduque \u00e0 port pyramidal. Ecorce de couleur marron rouge\u00e2tre \u00e0 grise sans \u00e9pines. Les feuilles altern\u00e9es mesurent de 2 \u00e0 2,5 cm et sont de couleur vert luisant. En automne, elles se colorent de jaune. Il donne des fleurs de couleur vert clair en juin-juillet, en grappes de 5 \u00e0 7 cm de longueur.<\/p>\n","protected":false},"excerpt":{"rendered":"<p>Arbre \u00e0 feuille caduque \u00e0 port pyramidal. Ecorce de couleur marron rouge\u00e2tre \u00e0 grise sans \u00e9pines. Les feuilles altern\u00e9es mesurent de 2 \u00e0 2,5 cm et sont de couleur vert luisant. En automne, elles se colorent de jaune. Il donne des fleurs de couleur vert clair en juin-juillet, en grappes de 5 \u00e0 7 cm [&hellip;]<\/p>\n","protected":false},"featured_media":2845,"template":"","meta":{"_acf_changed":false},"product_brand":[],"product_cat":[8812,9230],"product_tag":[10897,8400],"class_list":{"0":"post-12804","1":"product","2":"type-product","3":"status-publish","4":"has-post-thumbnail","6":"product_cat-arbres-et-arbustes-a-feuilles-caduques","7":"product_cat-arbres-et-plantes-du-futur","8":"product_tag-naturelle","9":"product_tag-tige","10":"pa_altezza-massima-1000-fr-2","11":"pa_altezza-massima-15-metres","12":"pa_condizionamento-clt-fr","13":"pa_condizionamento-motte","14":"pa_famiglia-leguminosae-fr","15":"pa_genere-gleditsia-fr","16":"pa_inquinamento-resistance-a-la-pollution","17":"pa_origine-origine-delle-piante-u-s-a","18":"pa_periodo-fioritura-juillet","19":"pa_periodo-fioritura-juin","20":"pa_portamento-piramidale-fr","21":"pa_resistenza-climatica-tres-elevee","22":"pa_resistenza-del-suolo-resistant-aux-sols-calcaires","23":"pa_resistenza-del-suolo-resistant-aux-sols-pauvres","24":"pa_resistenza-del-suolo-resistant-aux-sols-secs","25":"pa_salinita-resistance-a-la-salinisation","26":"pa_utilizzo-avenues-fr","27":"pa_utilizzo-parcs","29":"first","30":"instock","31":"purchasable","32":"product-type-simple"},"acf":[],"_links":{"self":[{"href":"https:\/\/innocentiemangonipiante.it\/fr\/wp-json\/wp\/v2\/product\/12804","targetHints":{"allow":["GET"]}}],"collection":[{"href":"https:\/\/innocentiemangonipiante.it\/fr\/wp-json\/wp\/v2\/product"}],"about":[{"href":"https:\/\/innocentiemangonipiante.it\/fr\/wp-json\/wp\/v2\/types\/product"}],"wp:featuredmedia":[{"embeddable":true,"href":"https:\/\/innocentiemangonipiante.it\/fr\/wp-json\/wp\/v2\/media\/2845"}],"wp:attachment":[{"href":"https:\/\/innocentiemangonipiante.it\/fr\/wp-json\/wp\/v2\/media?parent=12804"}],"wp:term":[{"taxonomy":"product_brand","embeddable":true,"href":"https:\/\/innocentiemangonipiante.it\/fr\/wp-json\/wp\/v2\/product_brand?post=12804"},{"taxonomy":"product_cat","embeddable":true,"href":"https:\/\/innocentiemangonipiante.it\/fr\/wp-json\/wp\/v2\/product_cat?post=12804"},{"taxonomy":"product_tag","embeddable":true,"href":"https:\/\/innocentiemangonipiante.it\/fr\/wp-json\/wp\/v2\/product_tag?post=12804"}],"curies":[{"name":"wp","href":"https:\/\/api.w.org\/{rel}","templated":true}]}}