{"id":12808,"date":"2023-11-04T01:04:54","date_gmt":"2023-11-04T00:04:54","guid":{"rendered":"http:\/\/innocentiemangonipiante.it\/grevillea-juniperina\/"},"modified":"2023-11-06T14:47:44","modified_gmt":"2023-11-06T13:47:44","slug":"grevillea-juniperina","status":"publish","type":"product","link":"https:\/\/innocentiemangonipiante.it\/fr\/grevillea-juniperina\/","title":{"rendered":"GREVILLEA juniperina"},"content":{"rendered":"<p>Arbuste persistant au port \u00e9largi \u00e0 prostr\u00e9. Les feuilles aciculaires mesurent de 1 \u00e0 2 cm et sont de couleur verte. De la fin du printemps \u00e0 la moiti\u00e9 de l\u2019\u00e9t\u00e9, s\u2019\u00e9panouissent des fleurs rouges r\u00e9unies en grappes pendantes allant jusqu\u2019\u00e0 6 cm de longueur.<\/p>\n","protected":false},"excerpt":{"rendered":"<p>Arbuste persistant au port \u00e9largi \u00e0 prostr\u00e9. Les feuilles aciculaires mesurent de 1 \u00e0 2 cm et sont de couleur verte. De la fin du printemps \u00e0 la moiti\u00e9 de l\u2019\u00e9t\u00e9, s\u2019\u00e9panouissent des fleurs rouges r\u00e9unies en grappes pendantes allant jusqu\u2019\u00e0 6 cm de longueur.<\/p>\n","protected":false},"featured_media":2852,"template":"","meta":{"_acf_changed":false},"product_brand":[],"product_cat":[8817,9230],"product_tag":[10897],"class_list":{"0":"post-12808","1":"product","2":"type-product","3":"status-publish","4":"has-post-thumbnail","6":"product_cat-arbres-et-arbustes-persistants","7":"product_cat-arbres-et-plantes-du-futur","8":"product_tag-naturelle","9":"pa_altezza-massima-150-fr","10":"pa_altezza-massima-200-fr","11":"pa_colore-fioritura-rouge","12":"pa_condizionamento-clt-fr","13":"pa_famiglia-proteaceae-fr-2","14":"pa_genere-grevillea-fr","15":"pa_origine-australie","16":"pa_periodo-fioritura-juillet","17":"pa_periodo-fioritura-juin","18":"pa_periodo-fioritura-mai","19":"pa_portamento-allargato-fr","20":"pa_resistenza-climatica-moyenne","21":"pa_resistenza-del-suolo-resistant-aux-sols-secs","22":"pa_salinita-resistance-a-la-salinisation","23":"pa_utilizzo-balcons","24":"pa_utilizzo-petits-jardins","26":"first","27":"instock","28":"purchasable","29":"product-type-simple"},"acf":[],"_links":{"self":[{"href":"https:\/\/innocentiemangonipiante.it\/fr\/wp-json\/wp\/v2\/product\/12808","targetHints":{"allow":["GET"]}}],"collection":[{"href":"https:\/\/innocentiemangonipiante.it\/fr\/wp-json\/wp\/v2\/product"}],"about":[{"href":"https:\/\/innocentiemangonipiante.it\/fr\/wp-json\/wp\/v2\/types\/product"}],"wp:featuredmedia":[{"embeddable":true,"href":"https:\/\/innocentiemangonipiante.it\/fr\/wp-json\/wp\/v2\/media\/2852"}],"wp:attachment":[{"href":"https:\/\/innocentiemangonipiante.it\/fr\/wp-json\/wp\/v2\/media?parent=12808"}],"wp:term":[{"taxonomy":"product_brand","embeddable":true,"href":"https:\/\/innocentiemangonipiante.it\/fr\/wp-json\/wp\/v2\/product_brand?post=12808"},{"taxonomy":"product_cat","embeddable":true,"href":"https:\/\/innocentiemangonipiante.it\/fr\/wp-json\/wp\/v2\/product_cat?post=12808"},{"taxonomy":"product_tag","embeddable":true,"href":"https:\/\/innocentiemangonipiante.it\/fr\/wp-json\/wp\/v2\/product_tag?post=12808"}],"curies":[{"name":"wp","href":"https:\/\/api.w.org\/{rel}","templated":true}]}}