{"id":12809,"date":"2023-11-04T01:05:07","date_gmt":"2023-11-04T00:05:07","guid":{"rendered":"http:\/\/innocentiemangonipiante.it\/griselinia-littorialis\/"},"modified":"2023-11-06T14:47:50","modified_gmt":"2023-11-06T13:47:50","slug":"griselinia-littorialis","status":"publish","type":"product","link":"https:\/\/innocentiemangonipiante.it\/fr\/griselinia-littorialis\/","title":{"rendered":"GRISELINIA littorialis"},"content":{"rendered":"<p>Arbuste persistant de bord de mer, vigoureux, dense, \u00e9rig\u00e9, avec feuilles largement ov\u00e9es, coriaces jusqu&rsquo;\u00e0 10 cm, d\u00e9 couleur vert pomme brillant et luisantes.<\/p>\n","protected":false},"excerpt":{"rendered":"<p>Arbuste persistant de bord de mer, vigoureux, dense, \u00e9rig\u00e9, avec feuilles largement ov\u00e9es, coriaces jusqu&rsquo;\u00e0 10 cm, d\u00e9 couleur vert pomme brillant et luisantes.<\/p>\n","protected":false},"featured_media":2858,"template":"","meta":{"_acf_changed":false},"product_brand":[],"product_cat":[8817],"product_tag":[10897],"class_list":{"0":"post-12809","1":"product","2":"type-product","3":"status-publish","4":"has-post-thumbnail","6":"product_cat-arbres-et-arbustes-persistants","7":"product_tag-naturelle","8":"pa_altezza-massima-500-fr","9":"pa_altezza-massima-600-fr","10":"pa_colore-fioritura-jaune","11":"pa_famiglia-cornaceae-fr","12":"pa_genere-griselinia-fr","13":"pa_origine-nouvelle-zelande-fr","14":"pa_periodo-fioritura-mai","15":"pa_portamento-eretto-fr","16":"pa_resistenza-climatica-moyenne-elevee","17":"pa_utilizzo-parcs","18":"pa_utilizzo-petits-jardins","20":"first","21":"instock","22":"purchasable","23":"product-type-simple"},"acf":[],"_links":{"self":[{"href":"https:\/\/innocentiemangonipiante.it\/fr\/wp-json\/wp\/v2\/product\/12809","targetHints":{"allow":["GET"]}}],"collection":[{"href":"https:\/\/innocentiemangonipiante.it\/fr\/wp-json\/wp\/v2\/product"}],"about":[{"href":"https:\/\/innocentiemangonipiante.it\/fr\/wp-json\/wp\/v2\/types\/product"}],"wp:featuredmedia":[{"embeddable":true,"href":"https:\/\/innocentiemangonipiante.it\/fr\/wp-json\/wp\/v2\/media\/2858"}],"wp:attachment":[{"href":"https:\/\/innocentiemangonipiante.it\/fr\/wp-json\/wp\/v2\/media?parent=12809"}],"wp:term":[{"taxonomy":"product_brand","embeddable":true,"href":"https:\/\/innocentiemangonipiante.it\/fr\/wp-json\/wp\/v2\/product_brand?post=12809"},{"taxonomy":"product_cat","embeddable":true,"href":"https:\/\/innocentiemangonipiante.it\/fr\/wp-json\/wp\/v2\/product_cat?post=12809"},{"taxonomy":"product_tag","embeddable":true,"href":"https:\/\/innocentiemangonipiante.it\/fr\/wp-json\/wp\/v2\/product_tag?post=12809"}],"curies":[{"name":"wp","href":"https:\/\/api.w.org\/{rel}","templated":true}]}}