{"id":12810,"date":"2023-11-04T01:05:56","date_gmt":"2023-11-04T00:05:56","guid":{"rendered":"http:\/\/innocentiemangonipiante.it\/hamamelis-mollis\/"},"modified":"2023-11-06T14:48:42","modified_gmt":"2023-11-06T13:48:42","slug":"hamamelis-mollis","status":"publish","type":"product","link":"https:\/\/innocentiemangonipiante.it\/fr\/hamamelis-mollis\/","title":{"rendered":"HAMAMELIS mollis"},"content":{"rendered":"<p>Genre d\u2019arbustes au port \u00e9rig\u00e9 et aux feuilles ovales \u00e0 ovo\u00efdes de couleur vert moyen recouvertes d\u2019un duvet doux et d\u2019une longueur de 15 cm. Elles se colorent de jaune d\u2019or en automne. A la moiti\u00e9 ou fin de l\u2019hiver, s\u2019\u00e9panouissent des fleurs tr\u00e8s parfum\u00e9es sur les branches encore sans feuilles.<\/p>\n","protected":false},"excerpt":{"rendered":"<p>Genre d\u2019arbustes au port \u00e9rig\u00e9 et aux feuilles ovales \u00e0 ovo\u00efdes de couleur vert moyen recouvertes d\u2019un duvet doux et d\u2019une longueur de 15 cm. Elles se colorent de jaune d\u2019or en automne. A la moiti\u00e9 ou fin de l\u2019hiver, s\u2019\u00e9panouissent des fleurs tr\u00e8s parfum\u00e9es sur les branches encore sans feuilles.<\/p>\n","protected":false},"featured_media":2870,"template":"","meta":{"_acf_changed":false},"product_brand":[],"product_cat":[8812],"product_tag":[10897],"class_list":{"0":"post-12810","1":"product","2":"type-product","3":"status-publish","4":"has-post-thumbnail","6":"product_cat-arbres-et-arbustes-a-feuilles-caduques","7":"product_tag-naturelle","8":"pa_altezza-massima-300-fr-2","9":"pa_altezza-massima-400-fr","10":"pa_colore-fioritura-jaune","11":"pa_condizionamento-clt-fr","12":"pa_famiglia-hamamelidaceae-fr","13":"pa_genere-hamamelis-fr","14":"pa_inquinamento-resistance-a-la-pollution","15":"pa_origine-asie-orientale","16":"pa_periodo-fioritura-decembre","17":"pa_periodo-fioritura-janvier","18":"pa_periodo-fioritura-novembre-fr","19":"pa_portamento-eretto-fr","20":"pa_profumo-delicat","21":"pa_resistenza-climatica-tres-elevee","22":"pa_utilizzo-petits-jardins","24":"first","25":"instock","26":"purchasable","27":"product-type-simple"},"acf":[],"_links":{"self":[{"href":"https:\/\/innocentiemangonipiante.it\/fr\/wp-json\/wp\/v2\/product\/12810","targetHints":{"allow":["GET"]}}],"collection":[{"href":"https:\/\/innocentiemangonipiante.it\/fr\/wp-json\/wp\/v2\/product"}],"about":[{"href":"https:\/\/innocentiemangonipiante.it\/fr\/wp-json\/wp\/v2\/types\/product"}],"wp:featuredmedia":[{"embeddable":true,"href":"https:\/\/innocentiemangonipiante.it\/fr\/wp-json\/wp\/v2\/media\/2870"}],"wp:attachment":[{"href":"https:\/\/innocentiemangonipiante.it\/fr\/wp-json\/wp\/v2\/media?parent=12810"}],"wp:term":[{"taxonomy":"product_brand","embeddable":true,"href":"https:\/\/innocentiemangonipiante.it\/fr\/wp-json\/wp\/v2\/product_brand?post=12810"},{"taxonomy":"product_cat","embeddable":true,"href":"https:\/\/innocentiemangonipiante.it\/fr\/wp-json\/wp\/v2\/product_cat?post=12810"},{"taxonomy":"product_tag","embeddable":true,"href":"https:\/\/innocentiemangonipiante.it\/fr\/wp-json\/wp\/v2\/product_tag?post=12810"}],"curies":[{"name":"wp","href":"https:\/\/api.w.org\/{rel}","templated":true}]}}