{"id":12811,"date":"2023-11-04T01:06:44","date_gmt":"2023-11-04T00:06:44","guid":{"rendered":"http:\/\/innocentiemangonipiante.it\/hebe-in-varieta\/"},"modified":"2023-11-06T14:49:00","modified_gmt":"2023-11-06T13:49:00","slug":"hebe-in-varieta","status":"publish","type":"product","link":"https:\/\/innocentiemangonipiante.it\/fr\/hebe-in-varieta\/","title":{"rendered":"HEBE in variet\u00e0"},"content":{"rendered":"<p>Genre qui comprend nombreuses arbustes \u00e0 feuillage persistant de la Nouvelle-Z\u00e9lande et de l\u2019 Australie. Les feuilles sont ovales, vert-gris. Plusieurs vari\u00e9t\u00e9s sont panach\u00e9 de jaune ou de blanc en \u00e9t\u00e9 produit de fleurs longues de diverses couleurs la plupart des esp\u00e8ces fleurit une deuxi\u00e8me fois en automne et en hiver.<\/p>\n","protected":false},"excerpt":{"rendered":"<p>Genre qui comprend nombreuses arbustes \u00e0 feuillage persistant de la Nouvelle-Z\u00e9lande et de l\u2019 Australie. Les feuilles sont ovales, vert-gris. Plusieurs vari\u00e9t\u00e9s sont panach\u00e9 de jaune ou de blanc en \u00e9t\u00e9 produit de fleurs longues de diverses couleurs la plupart des esp\u00e8ces fleurit une deuxi\u00e8me fois en automne et en hiver.<\/p>\n","protected":false},"featured_media":22340,"template":"","meta":{"_acf_changed":false},"product_brand":[],"product_cat":[8817],"product_tag":[10897],"class_list":{"0":"post-12811","1":"product","2":"type-product","3":"status-publish","4":"has-post-thumbnail","6":"product_cat-arbres-et-arbustes-persistants","7":"product_tag-naturelle","8":"pa_altezza-massima-0_30-metres","9":"pa_altezza-massima-0_50-metres","10":"pa_colore-delle-foglie-panachees","11":"pa_colore-fioritura-violet-fr","12":"pa_condizionamento-clt-fr","13":"pa_famiglia-scrophulariaceae-fr","14":"pa_genere-hebe-fr","15":"pa_origine-nouvelle-zelande-fr","16":"pa_periodo-fioritura-aout","17":"pa_periodo-fioritura-juillet","18":"pa_periodo-fioritura-novembre-fr","19":"pa_periodo-fioritura-octobre","20":"pa_portamento-cespuglioso-fr","21":"pa_resistenza-climatica-moyenne-elevee","22":"pa_salinita-resistance-a-la-salinisation","23":"pa_utilizzo-balcons","24":"pa_utilizzo-petits-jardins","26":"first","27":"instock","28":"purchasable","29":"product-type-simple"},"acf":[],"_links":{"self":[{"href":"https:\/\/innocentiemangonipiante.it\/fr\/wp-json\/wp\/v2\/product\/12811","targetHints":{"allow":["GET"]}}],"collection":[{"href":"https:\/\/innocentiemangonipiante.it\/fr\/wp-json\/wp\/v2\/product"}],"about":[{"href":"https:\/\/innocentiemangonipiante.it\/fr\/wp-json\/wp\/v2\/types\/product"}],"wp:featuredmedia":[{"embeddable":true,"href":"https:\/\/innocentiemangonipiante.it\/fr\/wp-json\/wp\/v2\/media\/22340"}],"wp:attachment":[{"href":"https:\/\/innocentiemangonipiante.it\/fr\/wp-json\/wp\/v2\/media?parent=12811"}],"wp:term":[{"taxonomy":"product_brand","embeddable":true,"href":"https:\/\/innocentiemangonipiante.it\/fr\/wp-json\/wp\/v2\/product_brand?post=12811"},{"taxonomy":"product_cat","embeddable":true,"href":"https:\/\/innocentiemangonipiante.it\/fr\/wp-json\/wp\/v2\/product_cat?post=12811"},{"taxonomy":"product_tag","embeddable":true,"href":"https:\/\/innocentiemangonipiante.it\/fr\/wp-json\/wp\/v2\/product_tag?post=12811"}],"curies":[{"name":"wp","href":"https:\/\/api.w.org\/{rel}","templated":true}]}}