{"id":12813,"date":"2023-11-04T01:07:41","date_gmt":"2023-11-04T00:07:41","guid":{"rendered":"http:\/\/innocentiemangonipiante.it\/hedera-helix-sagittifolia\/"},"modified":"2023-11-06T14:49:23","modified_gmt":"2023-11-06T13:49:23","slug":"hedera-helix-sagittifolia","status":"publish","type":"product","link":"https:\/\/innocentiemangonipiante.it\/fr\/hedera-helix-sagittifolia\/","title":{"rendered":"HEDERA helix &lsquo;Sagittifolia&rsquo;"},"content":{"rendered":"<p>Feuilles \u00e9troites, trilob\u00e9es, avec le lobe central allong\u00e9 et saillant, l\u00e9g\u00e8rement retombant et incurv\u00e9 de couleur vert moyen.<\/p>\n","protected":false},"excerpt":{"rendered":"<p>Feuilles \u00e9troites, trilob\u00e9es, avec le lobe central allong\u00e9 et saillant, l\u00e9g\u00e8rement retombant et incurv\u00e9 de couleur vert moyen.<\/p>\n","protected":false},"featured_media":2925,"template":"","meta":{"_acf_changed":false},"product_brand":[],"product_cat":[8836],"product_tag":[10897,8750],"class_list":{"0":"post-12813","1":"product","2":"type-product","3":"status-publish","4":"has-post-thumbnail","6":"product_cat-lianes","7":"product_tag-naturelle","8":"product_tag-espalier-fr","9":"pa_altezza-massima-400-fr","10":"pa_altezza-massima-600-fr","11":"pa_colore-fioritura-jaune","12":"pa_condizionamento-clt-fr","13":"pa_famiglia-araliaceae-fr","14":"pa_genere-hedera-fr","15":"pa_origine-europe-fr","16":"pa_periodo-fioritura-octobre","17":"pa_periodo-fioritura-septembre","18":"pa_portamento-liane","19":"pa_resistenza-climatica-tres-elevee","20":"pa_resistenza-del-suolo-resistant-aux-sols-calcaires","21":"pa_salinita-resistance-a-la-salinisation","22":"pa_utilizzo-balcons","23":"pa_utilizzo-parcs","24":"pa_utilizzo-petits-jardins","26":"first","27":"instock","28":"purchasable","29":"product-type-simple"},"acf":[],"_links":{"self":[{"href":"https:\/\/innocentiemangonipiante.it\/fr\/wp-json\/wp\/v2\/product\/12813","targetHints":{"allow":["GET"]}}],"collection":[{"href":"https:\/\/innocentiemangonipiante.it\/fr\/wp-json\/wp\/v2\/product"}],"about":[{"href":"https:\/\/innocentiemangonipiante.it\/fr\/wp-json\/wp\/v2\/types\/product"}],"wp:featuredmedia":[{"embeddable":true,"href":"https:\/\/innocentiemangonipiante.it\/fr\/wp-json\/wp\/v2\/media\/2925"}],"wp:attachment":[{"href":"https:\/\/innocentiemangonipiante.it\/fr\/wp-json\/wp\/v2\/media?parent=12813"}],"wp:term":[{"taxonomy":"product_brand","embeddable":true,"href":"https:\/\/innocentiemangonipiante.it\/fr\/wp-json\/wp\/v2\/product_brand?post=12813"},{"taxonomy":"product_cat","embeddable":true,"href":"https:\/\/innocentiemangonipiante.it\/fr\/wp-json\/wp\/v2\/product_cat?post=12813"},{"taxonomy":"product_tag","embeddable":true,"href":"https:\/\/innocentiemangonipiante.it\/fr\/wp-json\/wp\/v2\/product_tag?post=12813"}],"curies":[{"name":"wp","href":"https:\/\/api.w.org\/{rel}","templated":true}]}}